{"id":1442,"date":"2021-09-27T09:03:59","date_gmt":"2021-09-27T09:03:59","guid":{"rendered":"https:\/\/vinbeauty.hvcg.vn\/?page_id=1442"},"modified":"2022-01-17T09:22:22","modified_gmt":"2022-01-17T09:22:22","slug":"cau-chuyen-thuong-hieu","status":"publish","type":"page","link":"https:\/\/vinbeautybiotech.vn\/index.php\/cau-chuyen-thuong-hieu\/","title":{"rendered":"C\u00e2u chuy\u1ec7n th\u01b0\u01a1ng hi\u1ec7u"},"content":{"rendered":"\t<section class=\"section\" id=\"section_1439056275\">\n\t\t<div class=\"bg section-bg fill bg-fill  bg-loaded\" >\n\n\t\t\t\n\t\t\t\n\t\t\t\n\n\t\t<\/div>\n\n\t\t<div class=\"section-content relative\">\n\t\t\t\n\n  <div class=\"banner has-hover\" id=\"banner-2005014168\">\n          <div class=\"banner-inner fill\">\n        <div class=\"banner-bg fill\" >\n            <div class=\"bg fill bg-fill \"><\/div>\n                                    \n                    <\/div>\n        <div class=\"banner-layers container\">\n            <div class=\"fill banner-link\"><\/div>            \n   <div id=\"text-box-838197560\" class=\"text-box banner-layer x0 md-x0 lg-x0 y75 md-y75 lg-y75 res-text\">\n                                <div class=\"text-box-content text dark\">\n              \n              <div class=\"text-inner text-center\">\n                  \n<h3 class=\"thin-font\"><\/h3>\n              <\/div>\n           <\/div>\n                            \n<style>\n#text-box-838197560 {\n  width: 30%;\n}\n#text-box-838197560 .text-box-content {\n  font-size: 100%;\n}\n<\/style>\n    <\/div>\n \n        <\/div>\n      <\/div>\n\n              <div class=\"height-fix is-invisible\"><img loading=\"lazy\" decoding=\"async\" width=\"1500\" height=\"450\" src=\"https:\/\/vinbeautybiotech.vn\/wp-content\/uploads\/2021\/10\/samiyung-banner_\u5de5\u4f5c\u5340\u57df-1-1.png\" class=\"attachment-original size-original\" alt=\"\" srcset=\"https:\/\/vinbeautybiotech.vn\/wp-content\/uploads\/2021\/10\/samiyung-banner_\u5de5\u4f5c\u5340\u57df-1-1.png 1500w, https:\/\/vinbeautybiotech.vn\/wp-content\/uploads\/2021\/10\/samiyung-banner_\u5de5\u4f5c\u5340\u57df-1-1-300x90.png 300w, https:\/\/vinbeautybiotech.vn\/wp-content\/uploads\/2021\/10\/samiyung-banner_\u5de5\u4f5c\u5340\u57df-1-1-1024x307.png 1024w, https:\/\/vinbeautybiotech.vn\/wp-content\/uploads\/2021\/10\/samiyung-banner_\u5de5\u4f5c\u5340\u57df-1-1-768x230.png 768w, https:\/\/vinbeautybiotech.vn\/wp-content\/uploads\/2021\/10\/samiyung-banner_\u5de5\u4f5c\u5340\u57df-1-1-600x180.png 600w\" sizes=\"auto, (max-width: 1500px) 100vw, 1500px\" \/><\/div>\n            \n<style>\n#banner-2005014168 .bg.bg-loaded {\n  background-image: url(https:\/\/vinbeautybiotech.vn\/wp-content\/uploads\/2021\/10\/samiyung-banner_\u5de5\u4f5c\u5340\u57df-1-1.png);\n}\n<\/style>\n  <\/div>\n\n\n\t\t<\/div>\n\n\t\t\n<style>\n#section_1439056275 {\n  padding-top: 0px;\n  padding-bottom: 0px;\n}\n<\/style>\n\t<\/section>\n\t\n\t<section class=\"section\" id=\"section_1039287356\">\n\t\t<div class=\"bg section-bg fill bg-fill  bg-loaded\" >\n\n\t\t\t\n\t\t\t\n\t\t\t\n\n\t\t<\/div>\n\n\t\t<div class=\"section-content relative\">\n\t\t\t\n<div class=\"row align-middle\"  id=\"row-1448765256\">\n\n\t<div id=\"col-880452419\" class=\"col medium-6 small-12 large-6\"  data-animate=\"fadeInLeft\">\n\t\t<div class=\"col-inner text-center\"  >\n\t\t\t\n\t\t\t\n\t<div class=\"img has-hover aboutvin-img1 x md-x lg-x y md-y lg-y\" id=\"image_1887392973\">\n\t\t\t\t\t\t\t\t<div class=\"img-inner dark\" >\n\t\t\t<img loading=\"lazy\" decoding=\"async\" width=\"512\" height=\"200\" src=\"https:\/\/vinbeautybiotech.vn\/wp-content\/uploads\/2021\/09\/Samiyung-e1633413773621.png\" class=\"attachment-original size-original\" alt=\"\" srcset=\"https:\/\/vinbeautybiotech.vn\/wp-content\/uploads\/2021\/09\/Samiyung-e1633413773621.png 512w, https:\/\/vinbeautybiotech.vn\/wp-content\/uploads\/2021\/09\/Samiyung-e1633413773621-300x117.png 300w\" sizes=\"auto, (max-width: 512px) 100vw, 512px\" \/>\t\t\t\t\t\t\n\t\t\t\t\t<\/div>\n\t\t\t\t\t\t\t\t\n<style>\n#image_1887392973 {\n  width: 100%;\n}\n<\/style>\n\t<\/div>\n\t\n\t\t<\/div>\n\t\t\t<\/div>\n\n\t\n\n\t<div id=\"col-1454791837\" class=\"col medium-6 small-12 large-6\"  data-animate=\"fadeInRight\">\n\t\t<div class=\"col-inner\"  >\n\t\t\t\n\t\t\t\n\t<div id=\"text-2662850856\" class=\"text\">\n\t\t\n<h2 style=\"text-align: center;\"><span style=\"font-weight: 400;\">Gi\u1edbi thi\u1ec7u v\u1ec1 c\u00e2u chuy\u1ec7n th\u01b0\u01a1ng hi\u1ec7u\u00a0<\/span><\/h2>\n<p><span style=\"font-weight: 400;\">Thu\u1eadt ng\u1eef \u201cSAMIYUNG\u201d l\u00e0 ng\u00f4n ng\u1eef c\u1ee7a b\u1ed9 t\u1ed9c Paiwan c\u1ee7a th\u1ed5 d\u00e2n \u0110\u00e0i Loan, \u00fd ngh\u0129a c\u1ee7a n\u00f3 t\u01b0\u1ee3ng tr\u01b0ng cho v\u1ebb \u0111\u1eb9p, s\u1ef1 thu\u1ea7n khi\u1ebft t\u1ef1 nhi\u00ean v\u00e0 ngh\u1ec7 thu\u1eadt th\u1ea9m m\u1ef9.<\/span><span style=\"font-weight: 400;\">Do con trai c\u1ee7a ng\u01b0\u1eddi \u0111\u1ed3ng s\u00e1ng l\u1eadp th\u01b0\u01a1ng hi\u1ec7u l\u1edbn l\u00ean v\u00e0 h\u1ecdc t\u1eadp trong m\u00f4i tr\u01b0\u1eddng d\u1ec5 nhi\u1ec5m khu\u1ea9n, th\u01b0\u1eddng xuy\u00ean ph\u1ea3i \u0111\u01b0a \u0111\u1ebfn b\u1ec7nh vi\u1ec7n v\u00ec nhi\u1ec5m khu\u1ea9n. Khi \u0111\u00f3, \u00f4ng \u0111ang h\u1ecdc ti\u1ebfn s\u0129 v\u1ec1 k\u1ef9 thu\u1eadt h\u00f3a h\u1ecdc v\u00e0 chuy\u00ean \u0111\u1ec1 nghi\u00ean c\u1ee9u c\u1ee7a \u00f4ng c\u00f3 li\u00ean quan \u0111\u1ebfn qu\u00e1 tr\u00ecnh l\u00ean men c\u1ee7a th\u1ef1c ph\u1ea9m. Tr\u00ean c\u01a1 s\u1edf n\u00e0y, c\u00e1c nguy\u00ean li\u1ec7u \u0111\u01b0\u1ee3c l\u1ef1a ch\u1ecdn \u0111\u01b0\u1ee3c \u0111\u1ed5i m\u1edbi c\u00f4ng th\u1ee9c h\u1eefu c\u01a1, hi\u1ec7u qu\u1ea3, kh\u00f4ng g\u00e2y h\u1ea1i v\u00e0 th\u00e2n thi\u1ec7n v\u1edbi m\u00f4i tr\u01b0\u1eddng. N\u0103m 2020, \u0111\u1ea1i d\u1ecbch vi\u00eam ph\u1ed5i m\u1edbi ho\u00e0nh h\u00e0nh \u0111\u00e3 \u1ea3nh h\u01b0\u1edfng n\u1eb7ng n\u1ec1 \u0111\u1ebfn th\u1ebf gi\u1edbi lo\u00e0i ng\u01b0\u1eddi, d\u01b0\u1edbi m\u00f4i tr\u01b0\u1eddng ph\u00f2ng d\u1ecbch v\u00e0 ch\u1ed1ng d\u1ecbch \u0111\u00e3 th\u00f4i th\u00fac s\u1ef1 ra \u0111\u1eddi c\u1ee7a \u201cC\u00f4ng ty TNHH Same Young Enterprise\u201d.<\/span><br \/>\n\t\t\n<style>\n#text-2662850856 {\n  line-height: 2;\n}\n<\/style>\n\t<\/div>\n\t\n\t\t<\/div>\n\t\t\t<\/div>\n\n\t\n\n<style>\n#row-1448765256 > .col > .col-inner {\n  padding: 30px 0px 0px 0px;\n}\n<\/style>\n<\/div>\n\t\t<\/div>\n\n\t\t\n<style>\n#section_1039287356 {\n  padding-top: 0px;\n  padding-bottom: 0px;\n}\n<\/style>\n\t<\/section>\n\t\n\t<section class=\"section\" id=\"section_1588011881\">\n\t\t<div class=\"bg section-bg fill bg-fill  bg-loaded\" >\n\n\t\t\t\n\t\t\t\n\t\t\t\n\n\t\t<\/div>\n\n\t\t<div class=\"section-content relative\">\n\t\t\t\n<div class=\"row\"  id=\"row-1972311840\">\n\n\t<div id=\"col-1674749166\" class=\"col medium-4 small-12 large-4\"  >\n\t\t<div class=\"col-inner\"  >\n\t\t\t\n\t\t\t\n<h2 class=\"uppercase\" style=\"text-align: center;\"><span style=\"font-size: 85%;\"><strong><span style=\"color: #f2387f;\">\u0110\u00e3 th\u00f4ng qua ki\u1ec3m tra <\/span><\/strong><strong><span style=\"color: #f2387f;\">v\u00e0 \u0111\u01b0\u1ee3c c\u1ea5p ch\u1ee9ng nh\u1eadn<\/span><\/strong><\/span><\/h2>\n<ol>\n<li style=\"font-weight: 400;\" aria-level=\"1\"><span style=\"font-weight: 400;\">Th\u00e0nh ph\u1ea7n nguy\u00ean li\u1ec7u \u0111\u01b0\u1ee3c ch\u1ee9ng nh\u1eadn<\/span><\/li>\n<\/ol>\n<ul>\n<li><span style=\"font-weight: 400;\">US EPA Registered\u301083019-2\u3011(C\u1ee5c b\u1ea3o v\u1ec7 m\u00f4i tr\u01b0\u1eddng Hoa K\u1ef3)<\/span><\/li>\n<li><span style=\"font-weight: 400;\">FDA Compliant (C\u1ee5c Qu\u1ea3n l\u00fd Th\u1ef1c ph\u1ea9m v\u00e0 D\u01b0\u1ee3c ph\u1ea9m Hoa K\u1ef3)<\/span><\/li>\n<li><span style=\"font-weight: 400;\">NSF Certified (Qu\u1ef9 v\u1ec7 sinh qu\u1ed1c gia Hoa K\u1ef3)<\/span><\/li>\n<\/ul>\n<ol start=\"2\">\n<li><span style=\"font-weight: 400;\"> Ch\u1ee9ng nh\u1eadn ki\u1ec3m tra SGS: Kh\u1eed tr\u00f9ng hi\u1ec7u qu\u1ea3 Escherichia coli v\u00e0 Staphylococcus aureus <\/span><\/li>\n<\/ol>\n\t\t<\/div>\n\t\t\t<\/div>\n\n\t\n\n\t<div id=\"col-949856159\" class=\"col medium-4 small-12 large-4\"  >\n\t\t<div class=\"col-inner\"  >\n\t\t\t\n\t\t\t\n\t<div class=\"img has-hover x md-x lg-x y md-y lg-y\" id=\"image_156434834\">\n\t\t\t\t\t\t\t\t<div class=\"img-inner dark\" >\n\t\t\t<img loading=\"lazy\" decoding=\"async\" width=\"362\" height=\"512\" src=\"https:\/\/vinbeautybiotech.vn\/wp-content\/uploads\/2021\/10\/unnamed-1.png\" class=\"attachment-large size-large\" alt=\"\" srcset=\"https:\/\/vinbeautybiotech.vn\/wp-content\/uploads\/2021\/10\/unnamed-1.png 362w, https:\/\/vinbeautybiotech.vn\/wp-content\/uploads\/2021\/10\/unnamed-1-212x300.png 212w\" sizes=\"auto, (max-width: 362px) 100vw, 362px\" \/>\t\t\t\t\t\t\n\t\t\t\t\t<\/div>\n\t\t\t\t\t\t\t\t\n<style>\n#image_156434834 {\n  width: 100%;\n}\n<\/style>\n\t<\/div>\n\t\n\t\t<\/div>\n\t\t\t<\/div>\n\n\t\n\n\t<div id=\"col-1235560476\" class=\"col medium-4 small-12 large-4\"  >\n\t\t<div class=\"col-inner\"  >\n\t\t\t\n\t\t\t\n\t<div class=\"img has-hover x md-x lg-x y md-y lg-y\" id=\"image_830228466\">\n\t\t\t\t\t\t\t\t<div class=\"img-inner dark\" >\n\t\t\t<img loading=\"lazy\" decoding=\"async\" width=\"361\" height=\"512\" src=\"https:\/\/vinbeautybiotech.vn\/wp-content\/uploads\/2021\/10\/unnamed.jpg\" class=\"attachment-large size-large\" alt=\"\" srcset=\"https:\/\/vinbeautybiotech.vn\/wp-content\/uploads\/2021\/10\/unnamed.jpg 361w, https:\/\/vinbeautybiotech.vn\/wp-content\/uploads\/2021\/10\/unnamed-212x300.jpg 212w\" sizes=\"auto, (max-width: 361px) 100vw, 361px\" \/>\t\t\t\t\t\t\n\t\t\t\t\t<\/div>\n\t\t\t\t\t\t\t\t\n<style>\n#image_830228466 {\n  width: 100%;\n}\n<\/style>\n\t<\/div>\n\t\n\t\t<\/div>\n\t\t\t<\/div>\n\n\t\n<\/div>\n\t\t<\/div>\n\n\t\t\n<style>\n#section_1588011881 {\n  padding-top: 60px;\n  padding-bottom: 60px;\n  min-height: 600px;\n  background-color: rgb(245, 245, 245);\n}\n<\/style>\n\t<\/section>\n\t\n\n\n","protected":false},"excerpt":{"rendered":"","protected":false},"author":4,"featured_media":0,"parent":0,"menu_order":0,"comment_status":"closed","ping_status":"closed","template":"","meta":{"footnotes":""},"class_list":["post-1442","page","type-page","status-publish","hentry"],"yoast_head":"<!-- This site is optimized with the Yoast SEO plugin v16.4 - https:\/\/yoast.com\/wordpress\/plugins\/seo\/ -->\n<title>C\u00e2u chuy\u1ec7n th\u01b0\u01a1ng hi\u1ec7u - vinbeauty<\/title>\n<meta name=\"robots\" content=\"index, follow, max-snippet:-1, max-image-preview:large, max-video-preview:-1\" \/>\n<link rel=\"canonical\" href=\"https:\/\/vinbeautybiotech.vn\/index.php\/cau-chuyen-thuong-hieu\/\" \/>\n<meta property=\"og:locale\" content=\"vi_VN\" \/>\n<meta property=\"og:type\" content=\"article\" \/>\n<meta property=\"og:title\" content=\"C\u00e2u chuy\u1ec7n th\u01b0\u01a1ng hi\u1ec7u - vinbeauty\" \/>\n<meta property=\"og:url\" content=\"https:\/\/vinbeautybiotech.vn\/index.php\/cau-chuyen-thuong-hieu\/\" \/>\n<meta property=\"og:site_name\" content=\"vinbeauty\" \/>\n<meta property=\"article:modified_time\" content=\"2022-01-17T09:22:22+00:00\" \/>\n<meta property=\"og:image\" content=\"https:\/\/vinbeautybiotech.vn\/wp-content\/uploads\/2021\/06\/vinbeauty-logo.png\" \/>\n\t<meta property=\"og:image:width\" content=\"657\" \/>\n\t<meta property=\"og:image:height\" content=\"195\" \/>\n<meta name=\"twitter:card\" content=\"summary_large_image\" \/>\n<meta name=\"twitter:label1\" content=\"\u01af\u1edbc t\u00ednh th\u1eddi gian \u0111\u1ecdc\" \/>\n\t<meta name=\"twitter:data1\" content=\"4 ph\u00fat\" \/>\n<script type=\"application\/ld+json\" class=\"yoast-schema-graph\">{\"@context\":\"https:\/\/schema.org\",\"@graph\":[{\"@type\":\"WebSite\",\"@id\":\"https:\/\/vinbeautybiotech.vn\/#website\",\"url\":\"https:\/\/vinbeautybiotech.vn\/\",\"name\":\"vinbeauty\",\"description\":\"vinbeauty\",\"potentialAction\":[{\"@type\":\"SearchAction\",\"target\":\"https:\/\/vinbeautybiotech.vn\/?s={search_term_string}\",\"query-input\":\"required name=search_term_string\"}],\"inLanguage\":\"vi\"},{\"@type\":\"WebPage\",\"@id\":\"https:\/\/vinbeautybiotech.vn\/index.php\/cau-chuyen-thuong-hieu\/#webpage\",\"url\":\"https:\/\/vinbeautybiotech.vn\/index.php\/cau-chuyen-thuong-hieu\/\",\"name\":\"C\\u00e2u chuy\\u1ec7n th\\u01b0\\u01a1ng hi\\u1ec7u - vinbeauty\",\"isPartOf\":{\"@id\":\"https:\/\/vinbeautybiotech.vn\/#website\"},\"datePublished\":\"2021-09-27T09:03:59+00:00\",\"dateModified\":\"2022-01-17T09:22:22+00:00\",\"breadcrumb\":{\"@id\":\"https:\/\/vinbeautybiotech.vn\/index.php\/cau-chuyen-thuong-hieu\/#breadcrumb\"},\"inLanguage\":\"vi\",\"potentialAction\":[{\"@type\":\"ReadAction\",\"target\":[\"https:\/\/vinbeautybiotech.vn\/index.php\/cau-chuyen-thuong-hieu\/\"]}]},{\"@type\":\"BreadcrumbList\",\"@id\":\"https:\/\/vinbeautybiotech.vn\/index.php\/cau-chuyen-thuong-hieu\/#breadcrumb\",\"itemListElement\":[{\"@type\":\"ListItem\",\"position\":1,\"item\":{\"@type\":\"WebPage\",\"@id\":\"https:\/\/vinbeautybiotech.vn\/\",\"url\":\"https:\/\/vinbeautybiotech.vn\/\",\"name\":\"Trang ch\\u1ee7\"}},{\"@type\":\"ListItem\",\"position\":2,\"item\":{\"@id\":\"https:\/\/vinbeautybiotech.vn\/index.php\/cau-chuyen-thuong-hieu\/#webpage\"}}]}]}<\/script>\n<!-- \/ Yoast SEO plugin. -->","_links":{"self":[{"href":"https:\/\/vinbeautybiotech.vn\/index.php\/wp-json\/wp\/v2\/pages\/1442","targetHints":{"allow":["GET"]}}],"collection":[{"href":"https:\/\/vinbeautybiotech.vn\/index.php\/wp-json\/wp\/v2\/pages"}],"about":[{"href":"https:\/\/vinbeautybiotech.vn\/index.php\/wp-json\/wp\/v2\/types\/page"}],"author":[{"embeddable":true,"href":"https:\/\/vinbeautybiotech.vn\/index.php\/wp-json\/wp\/v2\/users\/4"}],"replies":[{"embeddable":true,"href":"https:\/\/vinbeautybiotech.vn\/index.php\/wp-json\/wp\/v2\/comments?post=1442"}],"version-history":[{"count":2,"href":"https:\/\/vinbeautybiotech.vn\/index.php\/wp-json\/wp\/v2\/pages\/1442\/revisions"}],"predecessor-version":[{"id":2154,"href":"https:\/\/vinbeautybiotech.vn\/index.php\/wp-json\/wp\/v2\/pages\/1442\/revisions\/2154"}],"wp:attachment":[{"href":"https:\/\/vinbeautybiotech.vn\/index.php\/wp-json\/wp\/v2\/media?parent=1442"}],"curies":[{"name":"wp","href":"https:\/\/api.w.org\/{rel}","templated":true}]}}