{"id":1488,"date":"2021-09-30T13:58:49","date_gmt":"2021-09-30T13:58:49","guid":{"rendered":"https:\/\/vinbeauty.hvcg.vn\/?page_id=1488"},"modified":"2022-01-19T03:13:50","modified_gmt":"2022-01-19T03:13:50","slug":"about-aesthefil","status":"publish","type":"page","link":"https:\/\/vinbeautybiotech.vn\/index.php\/about-aesthefil\/","title":{"rendered":"About AestheFill"},"content":{"rendered":"\t<section class=\"section\" id=\"section_1976765934\">\n\t\t<div class=\"bg section-bg fill bg-fill  bg-loaded\" >\n\n\t\t\t\n\t\t\t\n\t\t\t\n\n\t\t<\/div>\n\n\t\t<div class=\"section-content relative\">\n\t\t\t\n\n  <div class=\"banner has-hover\" id=\"banner-1015000244\">\n          <div class=\"banner-inner fill\">\n        <div class=\"banner-bg fill\" >\n            <div class=\"bg fill bg-fill \"><\/div>\n                                    \n                    <\/div>\n        <div class=\"banner-layers container\">\n            <div class=\"fill banner-link\"><\/div>            \n        <\/div>\n      <\/div>\n\n              <div class=\"height-fix is-invisible\"><img loading=\"lazy\" decoding=\"async\" width=\"15268\" height=\"4581\" src=\"https:\/\/vinbeautybiotech.vn\/wp-content\/uploads\/2022\/01\/21.12-09-3.png\" class=\"attachment-original size-original\" alt=\"\" srcset=\"https:\/\/vinbeautybiotech.vn\/wp-content\/uploads\/2022\/01\/21.12-09-3.png 15268w, https:\/\/vinbeautybiotech.vn\/wp-content\/uploads\/2022\/01\/21.12-09-3-300x90.png 300w, https:\/\/vinbeautybiotech.vn\/wp-content\/uploads\/2022\/01\/21.12-09-3-1024x307.png 1024w, https:\/\/vinbeautybiotech.vn\/wp-content\/uploads\/2022\/01\/21.12-09-3-768x230.png 768w, https:\/\/vinbeautybiotech.vn\/wp-content\/uploads\/2022\/01\/21.12-09-3-1536x461.png 1536w, https:\/\/vinbeautybiotech.vn\/wp-content\/uploads\/2022\/01\/21.12-09-3-2048x614.png 2048w, https:\/\/vinbeautybiotech.vn\/wp-content\/uploads\/2022\/01\/21.12-09-3-600x180.png 600w\" sizes=\"auto, (max-width: 15268px) 100vw, 15268px\" \/><\/div>\n            \n<style>\n#banner-1015000244 .bg.bg-loaded {\n  background-image: url(https:\/\/vinbeautybiotech.vn\/wp-content\/uploads\/2022\/01\/21.12-09-3.png);\n}\n#banner-1015000244 .bg {\n  background-position: 2% 58%;\n}\n<\/style>\n  <\/div>\n\n\n\t\t<\/div>\n\n\t\t\n<style>\n#section_1976765934 {\n  padding-top: 0px;\n  padding-bottom: 0px;\n}\n<\/style>\n\t<\/section>\n\t\n\t<section class=\"section\" id=\"section_949262221\">\n\t\t<div class=\"bg section-bg fill bg-fill  bg-loaded\" >\n\n\t\t\t\n\t\t\t\n\t\t\t\n\n\t\t<\/div>\n\n\t\t<div class=\"section-content relative\">\n\t\t\t\n<div class=\"row align-equal\"  id=\"row-897760904\">\n\n\t<div id=\"col-1271413850\" class=\"col t-video small-12 large-12\"  >\n\t\t<div class=\"col-inner\"  >\n\t\t\t\n\t\t\t\n<p><iframe loading=\"lazy\" src=\"https:\/\/drive.google.com\/file\/d\/1j1Xh8wG9Cg6LXB6HGuTNqykK_6e6pcGv\/preview\" width=\"100%\" height=\"500\" data-mce-fragment=\"1\"><\/iframe><\/p>\n\t\t<\/div>\n\t\t\t<\/div>\n\n\t\n<\/div>\n\t\t<\/div>\n\n\t\t\n<style>\n#section_949262221 {\n  padding-top: 30px;\n  padding-bottom: 30px;\n}\n<\/style>\n\t<\/section>\n\t\n\t<section class=\"section\" id=\"section_1397778768\">\n\t\t<div class=\"bg section-bg fill bg-fill  bg-loaded\" >\n\n\t\t\t\n\t\t\t\n\t\t\t\n\n\t\t<\/div>\n\n\t\t<div class=\"section-content relative\">\n\t\t\t\n<div class=\"row align-middle\"  id=\"row-926803671\">\n\n\t<div id=\"col-1141269548\" class=\"col medium-6 small-12 large-6\"  data-animate=\"fadeInLeft\">\n\t\t<div class=\"col-inner text-center\"  >\n\t\t\t\n\t\t\t\n\t<div class=\"img has-hover aboutvin-img1 x md-x lg-x y md-y lg-y\" id=\"image_2116701194\">\n\t\t\t\t\t\t\t\t<div class=\"img-inner dark\" >\n\t\t\t<img loading=\"lazy\" decoding=\"async\" width=\"924\" height=\"616\" src=\"https:\/\/vinbeautybiotech.vn\/wp-content\/uploads\/2021\/08\/07123243.jpg\" class=\"attachment-original size-original\" alt=\"\" srcset=\"https:\/\/vinbeautybiotech.vn\/wp-content\/uploads\/2021\/08\/07123243.jpg 924w, https:\/\/vinbeautybiotech.vn\/wp-content\/uploads\/2021\/08\/07123243-300x200.jpg 300w, https:\/\/vinbeautybiotech.vn\/wp-content\/uploads\/2021\/08\/07123243-768x512.jpg 768w, https:\/\/vinbeautybiotech.vn\/wp-content\/uploads\/2021\/08\/07123243-600x400.jpg 600w\" sizes=\"auto, (max-width: 924px) 100vw, 924px\" \/>\t\t\t\t\t\t\n\t\t\t\t\t<\/div>\n\t\t\t\t\t\t\t\t\n<style>\n#image_2116701194 {\n  width: 100%;\n}\n<\/style>\n\t<\/div>\n\t\n\t\t<\/div>\n\t\t\t<\/div>\n\n\t\n\n\t<div id=\"col-845210853\" class=\"col medium-6 small-12 large-6\"  data-animate=\"fadeInRight\">\n\t\t<div class=\"col-inner\"  >\n\t\t\t\n\t\t\t\n\t<div id=\"text-2840499571\" class=\"text\">\n\t\t\n<h1 style=\"text-align: center;\">C\u00e1c t\u00ednh n\u0103ng c\u1ee7a AestheFill<\/h1>\n<p>AestheFill (poly-D-L-lactic acid) d\u01b0\u1edbi d\u1ea1ng c\u00e1c vi c\u1ea7u x\u1ed1p b\u1ec1 m\u1eb7t nhi\u1ec1u l\u1ed7, c\u00f9ng c\u1ea5u tr\u00fac r\u1ed7ng b\u00ean trong v\u00e0 c\u00f4ng ngh\u1ec7 h\u00f2a tan nhanh v\u1edbi ti\u00eau ch\u00ed \u201c\u0111i\u1ec1u ch\u1ebf t\u1ea1i ch\u1ed7 \u2192 h\u00f2a tan nhanh \u2192 s\u1eed d\u1ee5ng ngay\u201d kh\u00f4ng g\u00e2y t\u1eafc ngh\u1ebdn kim, tr\u00e1nh tr\u01b0\u1eddng h\u1ee3p d\u1eabn \u0111\u1ebfn ti\u00eam qu\u00e1 nhi\u1ec1u l\u01b0\u1ee3ng thu\u1ed1c c\u00f9ng m\u1ed9t l\u00fac. Gi\u1ea3m \u0111\u00e1ng k\u1ec3 c\u00e1c bi\u1ebfn ch\u1ee9ng sau ph\u1eabu thu\u1eadt nh\u01b0 nhi\u1ec5m tr\u00f9ng v\u00e0 n\u1ed5i n\u1ed1t. (xu\u1ed1ng v\u00e0 c\u00e1ch 1 d\u00f2ng) Sau khi ti\u00eam, poly-D-L-lactic acid thu h\u00fat c\u00e1c nguy\u00ean b\u00e0o s\u1ee3i ti\u1ebfp c\u1eadn v\u00e0 k\u00edch th\u00edch t\u0103ng sinh collagen t\u1ef1 th\u00e2n, kh\u00f4ng gi\u1ed1ng nh\u01b0 c\u00e1c ch\u1ea5t l\u00e0m \u0111\u1ea7y tr\u00ean th\u1ecb tr\u01b0\u1eddng ch\u1ec9 c\u00f3 t\u00e1c d\u1ee5ng ch\u1ec9nh s\u1eeda c\u00e1c n\u1ebfp g\u1ea5p, n\u1ebfp nh\u0103n, l\u00e0m \u0111\u1ea7y v\u00f9ng l\u00f5m, m\u00e0 AestheFill c\u00f2n c\u00f3 t\u00e1c d\u1ee5ng k\u00edch th\u00edch t\u00e1i t\u1ea1o collagen v\u00e0 m\u00f4.<\/p>\n\t\t\n<style>\n#text-2840499571 {\n  line-height: 2;\n}\n<\/style>\n\t<\/div>\n\t\n\t\t<\/div>\n\t\t\t<\/div>\n\n\t\n\n<style>\n#row-926803671 > .col > .col-inner {\n  padding: 30px 0px 0px 0px;\n}\n<\/style>\n<\/div>\n\t\t<\/div>\n\n\t\t\n<style>\n#section_1397778768 {\n  padding-top: 0px;\n  padding-bottom: 0px;\n}\n<\/style>\n\t<\/section>\n\t\n\t<section class=\"section\" id=\"section_1999085786\">\n\t\t<div class=\"bg section-bg fill bg-fill  bg-loaded\" >\n\n\t\t\t\n\t\t\t\n\t\t\t\n\n\t\t<\/div>\n\n\t\t<div class=\"section-content relative\">\n\t\t\t\n<div class=\"row align-middle\"  id=\"row-850287121\">\n\n\t<div id=\"col-697480309\" class=\"col medium-6 small-12 large-6\"  data-animate=\"fadeInLeft\">\n\t\t<div class=\"col-inner text-center\"  >\n\t\t\t\n\t\t\t\n\t<div class=\"img has-hover aboutvin-img1 x md-x lg-x y md-y lg-y\" id=\"image_648301014\">\n\t\t\t\t\t\t\t\t<div class=\"img-inner dark\" >\n\t\t\t<img loading=\"lazy\" decoding=\"async\" width=\"429\" height=\"394\" src=\"https:\/\/vinbeautybiotech.vn\/wp-content\/uploads\/2021\/08\/a43.png\" class=\"attachment-original size-original\" alt=\"\" srcset=\"https:\/\/vinbeautybiotech.vn\/wp-content\/uploads\/2021\/08\/a43.png 429w, https:\/\/vinbeautybiotech.vn\/wp-content\/uploads\/2021\/08\/a43-300x276.png 300w\" sizes=\"auto, (max-width: 429px) 100vw, 429px\" \/>\t\t\t\t\t\t\n\t\t\t\t\t<\/div>\n\t\t\t\t\t\t\t\t\n<style>\n#image_648301014 {\n  width: 100%;\n}\n<\/style>\n\t<\/div>\n\t\n\t\t<\/div>\n\t\t\t<\/div>\n\n\t\n\n\t<div id=\"col-1816656297\" class=\"col aes-uudiem medium-6 small-12 large-6\"  data-animate=\"fadeInRight\">\n\t\t<div class=\"col-inner\"  >\n\t\t\t\n\t\t\t\n\t<div id=\"text-1262846433\" class=\"text\">\n\t\t\n<h1 style=\"text-align: center;\">\u01afu \u0111i\u1ec3m c\u1ee7a s\u1ea3n ph\u1ea9m AestheFill<\/h1>\n<ul>\n<li>V\u1edbi ti\u00eau ch\u00ed \u201c\u0111i\u1ec1u ch\u1ebf t\u1ea1i ch\u1ed7 \u2192 h\u00f2a tan nhanh \u2192 s\u1eed d\u1ee5ng ngay\u201d, b\u00e1c s\u0129 v\u00e0 kh\u00e1ch h\u00e0ng c\u00f3 th\u1ec3 an t\u00e2m h\u01a1n trong qu\u00e1 tr\u00ecnh \u0111i\u1ec1u tr\u1ecb.<\/li>\n<li>\u0110\u01b0\u1ee3c thi\u1ebft k\u1ebf cho ng\u01b0\u1eddi ch\u00e2u \u00c1. &#8211; Kh\u00f4ng d\u1ec5 n\u1ed5i n\u1ed1t sau ti\u00eam.<\/li>\n<li>L\u00e0n da sau khi ti\u00eam s\u1ebd tr\u1edf n\u00ean m\u1ec1m m\u1ea1i t\u1ef1 nhi\u00ean, kh\u00f4ng \u0111\u01a1 c\u1ee9ng. &#8211; Kh\u00f4ng c\u1ea7n ch\u0103m s\u00f3c \u0111\u1eb7c bi\u1ec7t sau ti\u00eam (\u0111\u01b0\u1ee3c d\u1ef1a tr\u00ean \u0111\u00e1nh gi\u00e1 th\u1ef1c t\u1ebf c\u1ee7a b\u00e1c s\u0129). &#8211; Ph\u00e2n h\u1ee7y sinh h\u1ecdc: Sau khi \u0111\u01b0\u1ee3c ph\u00e2n h\u1ee7y d\u1ea7n th\u00e0nh axit lactic v\u00e0 glycogen trong c\u01a1 th\u1ec3, cu\u1ed1i c\u00f9ng \u0111\u01b0\u1ee3c ph\u00e2n h\u1ee7y th\u00e0nh n\u01b0\u1edbc v\u00e0 carbon dioxide v\u00e0 th\u1ea3i ra kh\u1ecfi c\u01a1 th\u1ec3 th\u00f4ng qua qu\u00e1 tr\u00ecnh trao \u0111\u1ed5i ch\u1ea5t. &#8211; Kh\u00f4ng d\u1ec5 d\u00e0ng di d\u1ecbch: V\u1ecb tr\u00ed s\u1ebd kh\u00f4ng di chuy\u1ec3n sau khi \u0111\u01b0\u1ee3c ti\u00eam v\u00e0o l\u1edbp h\u1ea1 b\u00ec trong 2-4 tu\u1ea7n v\u00e0 t\u1ef7 l\u1ec7 t\u00e1c d\u1ee5ng ph\u1ee5 th\u1ea5p.<\/li>\n<\/ul>\n\t\t\n<style>\n#text-1262846433 {\n  line-height: 2;\n}\n<\/style>\n\t<\/div>\n\t\n\t\t<\/div>\n\t\t\t<\/div>\n\n\t\n\n<style>\n#row-850287121 > .col > .col-inner {\n  padding: 30px 0px 0px 0px;\n}\n<\/style>\n<\/div>\n\t\t<\/div>\n\n\t\t\n<style>\n#section_1999085786 {\n  padding-top: 0px;\n  padding-bottom: 0px;\n}\n<\/style>\n\t<\/section>\n\t\n\t<section class=\"section\" id=\"section_153298995\">\n\t\t<div class=\"bg section-bg fill bg-fill  bg-loaded\" >\n\n\t\t\t\n\t\t\t\n\t\t\t\n\t<div class=\"is-border\"\n\t\tstyle=\"border-width:0px 0px 0px 0px;\">\n\t<\/div>\n\n\t\t<\/div>\n\n\t\t<div class=\"section-content relative\">\n\t\t\t\n<div class=\"row align-center\"  id=\"row-1722615864\">\n\n\t<div id=\"col-1617567585\" class=\"col aes-chungnhan small-12 large-12\"  data-animate=\"fadeInLeft\">\n\t\t<div class=\"col-inner\"  >\n\t\t\t\n\t\t\t\n\t<div id=\"text-1639204104\" class=\"text\">\n\t\t\n<h1>S\u1ea3n ph\u1ea9m AestheFill v\u00e0 PowerFill<\/h1>\n<h1>\u0111\u00e3 \u0111\u1ea1t \u0111\u01b0\u1ee3c ch\u1ee9ng nh\u1eadn CE<\/h1>\n<p style=\"text-align: center;\"><em>C\u1ea5p ng\u00e0y 10.02.2021<\/em><\/p>\n<p>Medical Esthetic \u0111\u00e3 \u0111\u1ea1t \u0111\u01b0\u1ee3c ch\u1ee9ng ch\u1ec9 H\u1ee3p chu\u1ea9n Ch\u00e2u \u00c2u (CE) t\u1eeb c\u00e1c s\u1ea3n ph\u1ea9m <strong>AestheFill<\/strong> v\u00e0 <strong>PowerFill<\/strong>. Medical Esthetic l\u00e0 nh\u00e0 ph\u00e2n ph\u1ed1i \u0111\u1ed9c quy\u1ec1n c\u1ee7a c\u00e1c ch\u1ea5t l\u00e0m \u0111\u1ea7y n\u00e0y t\u1ea1i Li\u00ean minh Ch\u00e2u \u00c2u.<\/p>\n<p style=\"text-align: center;\">H\u1ee3p \u0111\u1ed3ng \u0111\u1ea7u ti\u00ean gi\u1eefa c\u00f4ng ty Medical Esthetic (ME) c\u1ee7a S\u00e9c v\u00e0 ph\u00f2ng th\u00ed nghi\u1ec7m Regen Biotech, Inc c\u1ee7a H\u00e0n Qu\u1ed1c \u0111\u00e3 \u0111\u01b0\u1ee3c k\u00fd k\u1ebft v\u00e0o th\u00e1ng 4 n\u0103m 2018. V\u00e0o th\u00e1ng 10 n\u0103m 2019, Natalya Markova, ng\u01b0\u1eddi \u0111\u1ee9ng \u0111\u1ea7u ME, tr\u1edf th\u00e0nh c\u1ed1 v\u1ea5n y t\u1ebf c\u1ee7a Regen Biotech, Inc. V\u00e0o th\u00e1ng 1 n\u0103m 2021, Medical Esthetic \u0111\u00e3 \u0111\u1ea1t \u0111\u01b0\u1ee3c Ch\u1ee9ng ch\u1ec9 H\u1ee3p chu\u1ea9n Ch\u00e2u \u00c2u (CE) th\u00f4ng qua <strong>AestheFill<\/strong> v\u00e0 <strong>PowerFill<\/strong>. ME hi\u1ec7n l\u00e0 nh\u00e0 ph\u00e2n ph\u1ed1i \u0111\u1ed9c quy\u1ec1n ch\u1ea5t l\u00e0m \u0111\u1ea7y t\u1ea1i Li\u00ean minh Ch\u00e2u \u00c2u.<\/p>\n\t\t\n<style>\n#text-1639204104 {\n  line-height: 2;\n  text-align: center;\n}\n<\/style>\n\t<\/div>\n\t\n\t\t<\/div>\n\t\t\n<style>\n#col-1617567585 > .col-inner {\n  padding: 20px 0px 0px 0px;\n}\n<\/style>\n\t<\/div>\n\n\t\n\n\t<div id=\"col-764952750\" class=\"col medium-8 small-12 large-8\"  data-animate=\"fadeInRight\">\n\t\t<div class=\"col-inner\"  >\n\t\t\t\n\t\t\t\n\t<div class=\"img has-hover x md-x lg-x y md-y lg-y\" id=\"image_345179100\">\n\t\t\t\t\t\t\t\t<div class=\"img-inner dark\" >\n\t\t\t<img loading=\"lazy\" decoding=\"async\" width=\"1479\" height=\"659\" src=\"https:\/\/vinbeautybiotech.vn\/wp-content\/uploads\/2021\/08\/Untitled.png\" class=\"attachment-original size-original\" alt=\"\" srcset=\"https:\/\/vinbeautybiotech.vn\/wp-content\/uploads\/2021\/08\/Untitled.png 1479w, https:\/\/vinbeautybiotech.vn\/wp-content\/uploads\/2021\/08\/Untitled-300x134.png 300w, https:\/\/vinbeautybiotech.vn\/wp-content\/uploads\/2021\/08\/Untitled-1024x456.png 1024w, https:\/\/vinbeautybiotech.vn\/wp-content\/uploads\/2021\/08\/Untitled-768x342.png 768w, https:\/\/vinbeautybiotech.vn\/wp-content\/uploads\/2021\/08\/Untitled-600x267.png 600w\" sizes=\"auto, (max-width: 1479px) 100vw, 1479px\" \/>\t\t\t\t\t\t\n\t\t\t\t\t<\/div>\n\t\t\t\t\t\t\t\t\n<style>\n#image_345179100 {\n  width: 100%;\n}\n<\/style>\n\t<\/div>\n\t\n\t\t<\/div>\n\t\t\t<\/div>\n\n\t\n<\/div>\n\t\t<\/div>\n\n\t\t\n<style>\n#section_153298995 {\n  padding-top: 0px;\n  padding-bottom: 0px;\n}\n<\/style>\n\t<\/section>\n\t\n\n\n","protected":false},"excerpt":{"rendered":"","protected":false},"author":4,"featured_media":0,"parent":0,"menu_order":0,"comment_status":"closed","ping_status":"closed","template":"","meta":{"footnotes":""},"class_list":["post-1488","page","type-page","status-publish","hentry"],"yoast_head":"<!-- This site is optimized with the Yoast SEO plugin v16.4 - https:\/\/yoast.com\/wordpress\/plugins\/seo\/ -->\n<title>About AestheFill - vinbeauty<\/title>\n<meta name=\"robots\" content=\"index, follow, max-snippet:-1, max-image-preview:large, max-video-preview:-1\" \/>\n<link rel=\"canonical\" href=\"https:\/\/vinbeautybiotech.vn\/index.php\/about-aesthefil\/\" \/>\n<meta property=\"og:locale\" content=\"vi_VN\" \/>\n<meta property=\"og:type\" content=\"article\" \/>\n<meta property=\"og:title\" content=\"About AestheFill - vinbeauty\" \/>\n<meta property=\"og:url\" content=\"https:\/\/vinbeautybiotech.vn\/index.php\/about-aesthefil\/\" \/>\n<meta property=\"og:site_name\" content=\"vinbeauty\" \/>\n<meta property=\"article:modified_time\" content=\"2022-01-19T03:13:50+00:00\" \/>\n<meta property=\"og:image\" content=\"https:\/\/vinbeautybiotech.vn\/wp-content\/uploads\/2021\/06\/vinbeauty-logo.png\" \/>\n\t<meta property=\"og:image:width\" content=\"657\" \/>\n\t<meta property=\"og:image:height\" content=\"195\" \/>\n<meta name=\"twitter:card\" content=\"summary_large_image\" \/>\n<meta name=\"twitter:label1\" content=\"\u01af\u1edbc t\u00ednh th\u1eddi gian \u0111\u1ecdc\" \/>\n\t<meta name=\"twitter:data1\" content=\"4 ph\u00fat\" \/>\n<script type=\"application\/ld+json\" class=\"yoast-schema-graph\">{\"@context\":\"https:\/\/schema.org\",\"@graph\":[{\"@type\":\"WebSite\",\"@id\":\"https:\/\/vinbeautybiotech.vn\/#website\",\"url\":\"https:\/\/vinbeautybiotech.vn\/\",\"name\":\"vinbeauty\",\"description\":\"vinbeauty\",\"potentialAction\":[{\"@type\":\"SearchAction\",\"target\":\"https:\/\/vinbeautybiotech.vn\/?s={search_term_string}\",\"query-input\":\"required name=search_term_string\"}],\"inLanguage\":\"vi\"},{\"@type\":\"WebPage\",\"@id\":\"https:\/\/vinbeautybiotech.vn\/index.php\/about-aesthefil\/#webpage\",\"url\":\"https:\/\/vinbeautybiotech.vn\/index.php\/about-aesthefil\/\",\"name\":\"About AestheFill - vinbeauty\",\"isPartOf\":{\"@id\":\"https:\/\/vinbeautybiotech.vn\/#website\"},\"datePublished\":\"2021-09-30T13:58:49+00:00\",\"dateModified\":\"2022-01-19T03:13:50+00:00\",\"breadcrumb\":{\"@id\":\"https:\/\/vinbeautybiotech.vn\/index.php\/about-aesthefil\/#breadcrumb\"},\"inLanguage\":\"vi\",\"potentialAction\":[{\"@type\":\"ReadAction\",\"target\":[\"https:\/\/vinbeautybiotech.vn\/index.php\/about-aesthefil\/\"]}]},{\"@type\":\"BreadcrumbList\",\"@id\":\"https:\/\/vinbeautybiotech.vn\/index.php\/about-aesthefil\/#breadcrumb\",\"itemListElement\":[{\"@type\":\"ListItem\",\"position\":1,\"item\":{\"@type\":\"WebPage\",\"@id\":\"https:\/\/vinbeautybiotech.vn\/\",\"url\":\"https:\/\/vinbeautybiotech.vn\/\",\"name\":\"Trang ch\\u1ee7\"}},{\"@type\":\"ListItem\",\"position\":2,\"item\":{\"@id\":\"https:\/\/vinbeautybiotech.vn\/index.php\/about-aesthefil\/#webpage\"}}]}]}<\/script>\n<!-- \/ Yoast SEO plugin. -->","_links":{"self":[{"href":"https:\/\/vinbeautybiotech.vn\/index.php\/wp-json\/wp\/v2\/pages\/1488","targetHints":{"allow":["GET"]}}],"collection":[{"href":"https:\/\/vinbeautybiotech.vn\/index.php\/wp-json\/wp\/v2\/pages"}],"about":[{"href":"https:\/\/vinbeautybiotech.vn\/index.php\/wp-json\/wp\/v2\/types\/page"}],"author":[{"embeddable":true,"href":"https:\/\/vinbeautybiotech.vn\/index.php\/wp-json\/wp\/v2\/users\/4"}],"replies":[{"embeddable":true,"href":"https:\/\/vinbeautybiotech.vn\/index.php\/wp-json\/wp\/v2\/comments?post=1488"}],"version-history":[{"count":1,"href":"https:\/\/vinbeautybiotech.vn\/index.php\/wp-json\/wp\/v2\/pages\/1488\/revisions"}],"predecessor-version":[{"id":2178,"href":"https:\/\/vinbeautybiotech.vn\/index.php\/wp-json\/wp\/v2\/pages\/1488\/revisions\/2178"}],"wp:attachment":[{"href":"https:\/\/vinbeautybiotech.vn\/index.php\/wp-json\/wp\/v2\/media?parent=1488"}],"curies":[{"name":"wp","href":"https:\/\/api.w.org\/{rel}","templated":true}]}}