{"id":1521,"date":"2021-10-07T02:36:38","date_gmt":"2021-10-07T02:36:38","guid":{"rendered":"https:\/\/vinbeauty.hvcg.vn\/?page_id=1521"},"modified":"2021-12-17T10:18:16","modified_gmt":"2021-12-17T10:18:16","slug":"hang-muc-san-pham","status":"publish","type":"page","link":"https:\/\/vinbeautybiotech.vn\/index.php\/hang-muc-san-pham\/","title":{"rendered":"H\u1ea1ng m\u1ee5c s\u1ea3n ph\u1ea9m"},"content":{"rendered":"\t<section class=\"section\" id=\"section_1078767664\">\n\t\t<div class=\"bg section-bg fill bg-fill  bg-loaded\" >\n\n\t\t\t\n\t\t\t\n\t\t\t\n\n\t\t<\/div>\n\n\t\t<div class=\"section-content relative\">\n\t\t\t\n\n  <div class=\"banner has-hover\" id=\"banner-1196786452\">\n          <div class=\"banner-inner fill\">\n        <div class=\"banner-bg fill\" >\n            <div class=\"bg fill bg-fill \"><\/div>\n                                    \n                    <\/div>\n        <div class=\"banner-layers container\">\n            <div class=\"fill banner-link\"><\/div>            \n   <div id=\"text-box-488624126\" class=\"text-box banner-layer x0 md-x0 lg-x0 y85 md-y85 lg-y85 res-text\">\n                                <div class=\"text-box-content text dark\">\n              \n              <div class=\"text-inner text-center\">\n                  \n\t<div id=\"text-3516963864\" class=\"text\">\n\t\t\n<h3><strong>H\u1ea0NG M\u1ee4C S\u1ea2N PH\u1ea8M<\/strong><\/h3>\n\t\t\n<style>\n#text-3516963864 {\n  color: rgb(128, 128, 128);\n}\n#text-3516963864 > * {\n  color: rgb(128, 128, 128);\n}\n<\/style>\n\t<\/div>\n\t\n              <\/div>\n           <\/div>\n                            \n<style>\n#text-box-488624126 {\n  width: 45%;\n}\n#text-box-488624126 .text-box-content {\n  font-size: 100%;\n}\n<\/style>\n    <\/div>\n \n        <\/div>\n      <\/div>\n\n              <div class=\"height-fix is-invisible\"><img loading=\"lazy\" decoding=\"async\" width=\"1500\" height=\"450\" src=\"https:\/\/vinbeautybiotech.vn\/wp-content\/uploads\/2021\/10\/samiyung-banner_\u5de5\u4f5c\u5340\u57df-1-1.png\" class=\"attachment-original size-original\" alt=\"\" srcset=\"https:\/\/vinbeautybiotech.vn\/wp-content\/uploads\/2021\/10\/samiyung-banner_\u5de5\u4f5c\u5340\u57df-1-1.png 1500w, https:\/\/vinbeautybiotech.vn\/wp-content\/uploads\/2021\/10\/samiyung-banner_\u5de5\u4f5c\u5340\u57df-1-1-300x90.png 300w, https:\/\/vinbeautybiotech.vn\/wp-content\/uploads\/2021\/10\/samiyung-banner_\u5de5\u4f5c\u5340\u57df-1-1-1024x307.png 1024w, https:\/\/vinbeautybiotech.vn\/wp-content\/uploads\/2021\/10\/samiyung-banner_\u5de5\u4f5c\u5340\u57df-1-1-768x230.png 768w, https:\/\/vinbeautybiotech.vn\/wp-content\/uploads\/2021\/10\/samiyung-banner_\u5de5\u4f5c\u5340\u57df-1-1-600x180.png 600w\" sizes=\"auto, (max-width: 1500px) 100vw, 1500px\" \/><\/div>\n            \n<style>\n#banner-1196786452 .bg.bg-loaded {\n  background-image: url(https:\/\/vinbeautybiotech.vn\/wp-content\/uploads\/2021\/10\/samiyung-banner_\u5de5\u4f5c\u5340\u57df-1-1.png);\n}\n<\/style>\n  <\/div>\n\n\n\t\t<\/div>\n\n\t\t\n<style>\n#section_1078767664 {\n  padding-top: 0px;\n  padding-bottom: 0px;\n}\n<\/style>\n\t<\/section>\n\t\n\t<section class=\"section\" id=\"section_1417570262\">\n\t\t<div class=\"bg section-bg fill bg-fill  bg-loaded\" >\n\n\t\t\t\n\t\t\t\n\t\t\t\n\n\t\t<\/div>\n\n\t\t<div class=\"section-content relative\">\n\t\t\t\n<div class=\"row align-middle\"  id=\"row-1396542830\">\n\n\t<div id=\"col-185755991\" class=\"col medium-6 small-12 large-6\"  data-animate=\"fadeInLeft\">\n\t\t<div class=\"col-inner text-center\"  >\n\t\t\t\n\t\t\t\n\t<div class=\"img has-hover aboutvin-img1 x md-x lg-x y md-y lg-y\" id=\"image_1819576708\">\n\t\t\t\t\t\t\t\t<div class=\"img-inner dark\" >\n\t\t\t<img loading=\"lazy\" decoding=\"async\" width=\"462\" height=\"192\" src=\"https:\/\/vinbeautybiotech.vn\/wp-content\/uploads\/2021\/10\/\u5c45\u5bb6\u751f\u6d3b-1.png\" class=\"attachment-original size-original\" alt=\"\" srcset=\"https:\/\/vinbeautybiotech.vn\/wp-content\/uploads\/2021\/10\/\u5c45\u5bb6\u751f\u6d3b-1.png 462w, https:\/\/vinbeautybiotech.vn\/wp-content\/uploads\/2021\/10\/\u5c45\u5bb6\u751f\u6d3b-1-300x125.png 300w\" sizes=\"auto, (max-width: 462px) 100vw, 462px\" \/>\t\t\t\t\t\t\n\t\t\t\t\t<\/div>\n\t\t\t\t\t\t\t\t\n<style>\n#image_1819576708 {\n  width: 100%;\n}\n<\/style>\n\t<\/div>\n\t\n\t\t<\/div>\n\t\t\t<\/div>\n\n\t\n\n\t<div id=\"col-1992857731\" class=\"col medium-6 small-12 large-6\"  data-animate=\"fadeInRight\">\n\t\t<div class=\"col-inner\"  >\n\t\t\t\n\t\t\t\n\t<div id=\"text-3601279689\" class=\"text\">\n\t\t\n<h2 style=\"text-align: center;\"><span style=\"font-weight: 400; font-size: 90%;\">S\u1ea3n ph\u1ea9m s\u1eed d\u1ee5ng trong sinh ho\u1ea1t gia \u0111\u00ecnh <\/span><\/h2>\n<p><span style=\"font-weight: 400;\"><strong>Th\u00edch h\u1ee3p s\u1eed d\u1ee5ng:<\/strong> m\u00f4i tr\u01b0\u1eddng xung quanh \/ m\u1eb7t b\u00e0n \/ tay n\u1eafm c\u1eeda \/ gh\u1ebf ng\u1ed3i \/ n\u1eafp nh\u00e0 v\u1ec7 sinh \/ th\u00f9ng r\u00e1c &#8230; vv<\/span><\/p>\n<p><span style=\"font-weight: 400;\"><strong>H\u01b0\u1edbng d\u1eabn<\/strong><\/span><strong>\u00a0s\u1eed d\u1ee5ng:<\/strong> X\u1ecbt tr\u1ef1c ti\u1ebfp l\u00ean b\u1ec1 m\u1eb7t ho\u1eb7c m\u00f4i tr\u01b0\u1eddng c\u1ea7n l\u00e0m s\u1ea1ch, sau 5 -10 gi\u00e2y s\u1ea3n ph\u1ea9m s\u1ebd ph\u00e1t huy hi\u1ec7u qu\u1ea3, lau kh\u00f4 dung d\u1ecbch ho\u1eb7c \u0111\u1ec3 kh\u00f4 t\u1ef1 nhi\u00ean \u0111\u1ec1u \u0111\u01b0\u1ee3c<\/p>\n\t\t\n<style>\n#text-3601279689 {\n  line-height: 2;\n}\n<\/style>\n\t<\/div>\n\t\n\t\t<\/div>\n\t\t\t<\/div>\n\n\t\n\n<style>\n#row-1396542830 > .col > .col-inner {\n  padding: 30px 0px 0px 0px;\n}\n<\/style>\n<\/div>\n\t\t<\/div>\n\n\t\t\n<style>\n#section_1417570262 {\n  padding-top: 0px;\n  padding-bottom: 0px;\n}\n<\/style>\n\t<\/section>\n\t\n\t<section class=\"section\" id=\"section_497849962\">\n\t\t<div class=\"bg section-bg fill bg-fill  bg-loaded\" >\n\n\t\t\t\n\t\t\t\n\t\t\t\n\n\t\t<\/div>\n\n\t\t<div class=\"section-content relative\">\n\t\t\t\n<div class=\"row align-middle\"  id=\"row-566622219\">\n\n\t<div id=\"col-411075090\" class=\"col medium-6 small-12 large-6\"  data-animate=\"fadeInLeft\">\n\t\t<div class=\"col-inner text-center\"  >\n\t\t\t\n\t\t\t\n\t<div class=\"img has-hover aboutvin-img1 x md-x lg-x y md-y lg-y\" id=\"image_1752986725\">\n\t\t\t\t\t\t\t\t<div class=\"img-inner dark\" >\n\t\t\t<img loading=\"lazy\" decoding=\"async\" width=\"462\" height=\"192\" src=\"https:\/\/vinbeautybiotech.vn\/wp-content\/uploads\/2021\/10\/\u53e3\u7f69\u7e54\u54c1.png\" class=\"attachment-original size-original\" alt=\"\" srcset=\"https:\/\/vinbeautybiotech.vn\/wp-content\/uploads\/2021\/10\/\u53e3\u7f69\u7e54\u54c1.png 462w, https:\/\/vinbeautybiotech.vn\/wp-content\/uploads\/2021\/10\/\u53e3\u7f69\u7e54\u54c1-300x125.png 300w\" sizes=\"auto, (max-width: 462px) 100vw, 462px\" \/>\t\t\t\t\t\t\n\t\t\t\t\t<\/div>\n\t\t\t\t\t\t\t\t\n<style>\n#image_1752986725 {\n  width: 100%;\n}\n<\/style>\n\t<\/div>\n\t\n\t\t<\/div>\n\t\t\t<\/div>\n\n\t\n\n\t<div id=\"col-1175295427\" class=\"col medium-6 small-12 large-6\"  data-animate=\"fadeInRight\">\n\t\t<div class=\"col-inner\"  >\n\t\t\t\n\t\t\t\n\t<div id=\"text-1753537996\" class=\"text\">\n\t\t\n<h2 style=\"text-align: center;\"><span style=\"font-weight: 400; font-size: 90%;\">S\u1ea3n ph\u1ea9m chuy\u00ean d\u1ee5ng di\u1ec7t khu\u1ea9n cho kh\u1ea9u trang <\/span><\/h2>\n<p><span style=\"font-weight: 400;\"><strong>Th\u00edch h\u1ee3p s\u1eed d\u1ee5ng:<\/strong> c\u00e1c lo\u1ea1i m\u1eb7t v\u1ea3i \/ l\u1edbp trong v\u00e0 ngo\u00e0i c\u1ee7a c\u00e1c lo\u1ea1i kh\u1ea9u trang \/ l\u1edbp l\u00f3t trong \/ l\u00f3t m\u0169 b\u1ea3o hi\u1ec3m &#8230; vv.<\/span><\/p>\n<p><span style=\"font-weight: 400;\"><strong>H\u01b0\u1edbng d\u1eabn s\u1eed d\u1ee5ng:<\/strong> X\u1ecbt tr\u1ef1c ti\u1ebfp l\u00ean b\u1ec1 m\u1eb7t ho\u1eb7c m\u00f4i tr\u01b0\u1eddng c\u1ea7n l\u00e0m s\u1ea1ch, \u0111\u1ec3 kh\u00f4 t\u1ef1 nhi\u00ean ho\u1eb7c s\u1ea5y kh\u00f4 b\u1eb1ng m\u00e1y s\u1ea5y t\u00f3c.<\/span><\/p>\n\t\t\n<style>\n#text-1753537996 {\n  line-height: 2;\n}\n<\/style>\n\t<\/div>\n\t\n\t\t<\/div>\n\t\t\t<\/div>\n\n\t\n\n<style>\n#row-566622219 > .col > .col-inner {\n  padding: 30px 0px 0px 0px;\n}\n<\/style>\n<\/div>\n\t\t<\/div>\n\n\t\t\n<style>\n#section_497849962 {\n  padding-top: 0px;\n  padding-bottom: 0px;\n}\n<\/style>\n\t<\/section>\n\t\n\t<section class=\"section\" id=\"section_1692244753\">\n\t\t<div class=\"bg section-bg fill bg-fill  bg-loaded\" >\n\n\t\t\t\n\t\t\t\n\t\t\t\n\n\t\t<\/div>\n\n\t\t<div class=\"section-content relative\">\n\t\t\t\n<div class=\"row align-middle\"  id=\"row-220641180\">\n\n\t<div id=\"col-566442790\" class=\"col medium-6 small-12 large-6\"  data-animate=\"fadeInLeft\">\n\t\t<div class=\"col-inner\"  >\n\t\t\t\n\t\t\t\n\t<div id=\"text-545978021\" class=\"text\">\n\t\t\n<h2 style=\"text-align: center;\"><span style=\"font-weight: 400; font-size: 90%;\">S\u1ea3n ph\u1ea9m kh\u1eed khu\u1ea9n d\u00e0nh cho tr\u1ebb em<\/span><\/h2>\n<p><span style=\"font-weight: 400;\"><strong>Th\u00edch h\u1ee3p s\u1eed d\u1ee5ng:<\/strong> t\u1ea5t c\u1ea3 c\u00e1c lo\u1ea1i \u0111\u1ed3 ch\u01a1i, v\u1eadt d\u1ee5ng v\u00e0 m\u00f4i tr\u01b0\u1eddng xung quanh &#8230; vv.<\/span><\/p>\n<p><span style=\"font-weight: 400;\"><strong>H\u01b0\u1edbng d\u1eabn s\u1eed d\u1ee5ng:<\/strong> X\u1ecbt tr\u1ef1c ti\u1ebfp l\u00ean b\u1ec1 m\u1eb7t ho\u1eb7c m\u00f4i tr\u01b0\u1eddng c\u1ea7n l\u00e0m s\u1ea1ch, <\/span><span style=\"font-weight: 400;\">sau 5 -10 gi\u00e2y s\u1ea3n ph\u1ea9m s\u1ebd ph\u00e1t huy hi\u1ec7u qu\u1ea3, lau kh\u00f4 dung d\u1ecbch ho\u1eb7c \u0111\u1ec3 kh\u00f4 t\u1ef1 nhi\u00ean \u0111\u1ec1u \u0111\u01b0\u1ee3c<\/span><\/p>\n\t\t\n<style>\n#text-545978021 {\n  line-height: 2;\n}\n<\/style>\n\t<\/div>\n\t\n\t\t<\/div>\n\t\t\t<\/div>\n\n\t\n\n\t<div id=\"col-2122852791\" class=\"col medium-6 small-12 large-6\"  data-animate=\"fadeInRight\">\n\t\t<div class=\"col-inner\"  >\n\t\t\t\n\t\t\t\n\t<div class=\"img has-hover aboutvin-img1 x md-x lg-x y md-y lg-y\" id=\"image_941089424\">\n\t\t\t\t\t\t\t\t<div class=\"img-inner dark\" >\n\t\t\t<img loading=\"lazy\" decoding=\"async\" width=\"463\" height=\"192\" src=\"https:\/\/vinbeautybiotech.vn\/wp-content\/uploads\/2021\/10\/\u5152\u7ae5\u7528\u54c1.png\" class=\"attachment-original size-original\" alt=\"\" srcset=\"https:\/\/vinbeautybiotech.vn\/wp-content\/uploads\/2021\/10\/\u5152\u7ae5\u7528\u54c1.png 463w, https:\/\/vinbeautybiotech.vn\/wp-content\/uploads\/2021\/10\/\u5152\u7ae5\u7528\u54c1-300x124.png 300w\" sizes=\"auto, (max-width: 463px) 100vw, 463px\" \/>\t\t\t\t\t\t\n\t\t\t\t\t<\/div>\n\t\t\t\t\t\t\t\t\n<style>\n#image_941089424 {\n  width: 100%;\n}\n<\/style>\n\t<\/div>\n\t\n\t\t<\/div>\n\t\t\t<\/div>\n\n\t\n\n<style>\n#row-220641180 > .col > .col-inner {\n  padding: 30px 0px 0px 0px;\n}\n<\/style>\n<\/div>\n\t\t<\/div>\n\n\t\t\n<style>\n#section_1692244753 {\n  padding-top: 0px;\n  padding-bottom: 0px;\n}\n<\/style>\n\t<\/section>\n\t\n\t<section class=\"section\" id=\"section_345158039\">\n\t\t<div class=\"bg section-bg fill bg-fill  bg-loaded\" >\n\n\t\t\t\n\t\t\t\n\t\t\t\n\n\t\t<\/div>\n\n\t\t<div class=\"section-content relative\">\n\t\t\t\n<div class=\"row align-middle\"  id=\"row-1071698018\">\n\n\t<div id=\"col-1862076241\" class=\"col medium-6 small-12 large-6\"  data-animate=\"fadeInLeft\">\n\t\t<div class=\"col-inner\"  >\n\t\t\t\n\t\t\t\n\t<div id=\"text-566757435\" class=\"text\">\n\t\t\n<h2 style=\"text-align: center;\"><span style=\"font-weight: 400; font-size: 90%;\">S\u1ea3n ph\u1ea9m chuy\u00ean d\u00f9ng cho th\u00fa c\u01b0ng<\/span><\/h2>\n<p><span style=\"font-weight: 400;\"><strong>Th\u00edch h\u1ee3p s\u1eed d\u1ee5ng:<\/strong> khu v\u1ef1c v\u1ec7 sinh c\u1ee7a th\u00fa c\u01b0ng, v\u1eadt d\u1ee5ng v\u00e0 m\u00f4i tr\u01b0\u1eddng xung quanh th\u00fa c\u01b0ng, ch\u1eb3ng h\u1ea1n nh\u01b0: c\u00e1t v\u1ec7 sinh cho m\u00e8o, v\u1eadt d\u1ee5ng ho\u1eb7c \u0111\u1ed3 ch\u01a1i c\u1ee7a th\u00fa c\u01b0ng, v.v.<\/span><\/p>\n<p><strong>H\u01b0\u1edbng d\u1eabn s\u1eed d\u1ee5ng:\u00a0<\/strong><br \/><span style=\"font-weight: 400;\">X\u1ecbt tr\u1ef1c ti\u1ebfp l\u00ean b\u1ec1 m\u1eb7t ho\u1eb7c m\u00f4i tr\u01b0\u1eddng c\u1ea7n l\u00e0m s\u1ea1ch, \u0111\u1ec3 kh\u00f4 t\u1ef1 nhi\u00ean.<\/span><br \/><span style=\"font-weight: 400;\">X\u1ecbt \u0111\u1ec1u v\u00e0o ph\u1ea7n c\u00e1t v\u1ec7 sinh c\u1ee7a m\u00e8o v\u00e0 tr\u1ed9n \u0111\u1ec1u, v\u1eeba x\u1ecbt v\u1eeba x\u1edbi x\u00e1o 2 \u0111\u1ebfn 3 l\u1ea7n t\u00f9y theo l\u01b0\u1ee3ng c\u00e1t.<\/span><\/p>\n\t\t\n<style>\n#text-566757435 {\n  line-height: 2;\n}\n<\/style>\n\t<\/div>\n\t\n\t\t<\/div>\n\t\t\t<\/div>\n\n\t\n\n\t<div id=\"col-1231843724\" class=\"col medium-6 small-12 large-6\"  data-animate=\"fadeInRight\">\n\t\t<div class=\"col-inner\"  >\n\t\t\t\n\t\t\t\n\t<div class=\"img has-hover aboutvin-img1 x md-x lg-x y md-y lg-y\" id=\"image_923843730\">\n\t\t\t\t\t\t\t\t<div class=\"img-inner dark\" >\n\t\t\t<img loading=\"lazy\" decoding=\"async\" width=\"463\" height=\"192\" src=\"https:\/\/vinbeautybiotech.vn\/wp-content\/uploads\/2021\/10\/\u5bf5\u7269\u7528\u54c1.png\" class=\"attachment-original size-original\" alt=\"\" srcset=\"https:\/\/vinbeautybiotech.vn\/wp-content\/uploads\/2021\/10\/\u5bf5\u7269\u7528\u54c1.png 463w, https:\/\/vinbeautybiotech.vn\/wp-content\/uploads\/2021\/10\/\u5bf5\u7269\u7528\u54c1-300x124.png 300w\" sizes=\"auto, (max-width: 463px) 100vw, 463px\" \/>\t\t\t\t\t\t\n\t\t\t\t\t<\/div>\n\t\t\t\t\t\t\t\t\n<style>\n#image_923843730 {\n  width: 100%;\n}\n<\/style>\n\t<\/div>\n\t\n\t\t<\/div>\n\t\t\t<\/div>\n\n\t\n\n<style>\n#row-1071698018 > .col > .col-inner {\n  padding: 30px 0px 0px 0px;\n}\n<\/style>\n<\/div>\n\t\t<\/div>\n\n\t\t\n<style>\n#section_345158039 {\n  padding-top: 0px;\n  padding-bottom: 0px;\n}\n<\/style>\n\t<\/section>\n\t\n\n\n","protected":false},"excerpt":{"rendered":"","protected":false},"author":4,"featured_media":0,"parent":0,"menu_order":0,"comment_status":"closed","ping_status":"closed","template":"","meta":{"footnotes":""},"class_list":["post-1521","page","type-page","status-publish","hentry"],"yoast_head":"<!-- This site is optimized with the Yoast SEO plugin v16.4 - https:\/\/yoast.com\/wordpress\/plugins\/seo\/ -->\n<title>H\u1ea1ng m\u1ee5c s\u1ea3n ph\u1ea9m - vinbeauty<\/title>\n<meta name=\"robots\" content=\"index, follow, max-snippet:-1, max-image-preview:large, max-video-preview:-1\" \/>\n<link rel=\"canonical\" href=\"https:\/\/vinbeautybiotech.vn\/index.php\/hang-muc-san-pham\/\" \/>\n<meta property=\"og:locale\" content=\"vi_VN\" \/>\n<meta property=\"og:type\" content=\"article\" \/>\n<meta property=\"og:title\" content=\"H\u1ea1ng m\u1ee5c s\u1ea3n ph\u1ea9m - vinbeauty\" \/>\n<meta property=\"og:url\" content=\"https:\/\/vinbeautybiotech.vn\/index.php\/hang-muc-san-pham\/\" \/>\n<meta property=\"og:site_name\" content=\"vinbeauty\" \/>\n<meta property=\"article:modified_time\" content=\"2021-12-17T10:18:16+00:00\" \/>\n<meta property=\"og:image\" content=\"https:\/\/vinbeautybiotech.vn\/wp-content\/uploads\/2021\/06\/vinbeauty-logo.png\" \/>\n\t<meta property=\"og:image:width\" content=\"657\" \/>\n\t<meta property=\"og:image:height\" content=\"195\" \/>\n<meta name=\"twitter:card\" content=\"summary_large_image\" \/>\n<meta name=\"twitter:label1\" content=\"\u01af\u1edbc t\u00ednh th\u1eddi gian \u0111\u1ecdc\" \/>\n\t<meta name=\"twitter:data1\" content=\"4 ph\u00fat\" \/>\n<script type=\"application\/ld+json\" class=\"yoast-schema-graph\">{\"@context\":\"https:\/\/schema.org\",\"@graph\":[{\"@type\":\"WebSite\",\"@id\":\"https:\/\/vinbeautybiotech.vn\/#website\",\"url\":\"https:\/\/vinbeautybiotech.vn\/\",\"name\":\"vinbeauty\",\"description\":\"vinbeauty\",\"potentialAction\":[{\"@type\":\"SearchAction\",\"target\":\"https:\/\/vinbeautybiotech.vn\/?s={search_term_string}\",\"query-input\":\"required name=search_term_string\"}],\"inLanguage\":\"vi\"},{\"@type\":\"WebPage\",\"@id\":\"https:\/\/vinbeautybiotech.vn\/index.php\/hang-muc-san-pham\/#webpage\",\"url\":\"https:\/\/vinbeautybiotech.vn\/index.php\/hang-muc-san-pham\/\",\"name\":\"H\\u1ea1ng m\\u1ee5c s\\u1ea3n ph\\u1ea9m - vinbeauty\",\"isPartOf\":{\"@id\":\"https:\/\/vinbeautybiotech.vn\/#website\"},\"datePublished\":\"2021-10-07T02:36:38+00:00\",\"dateModified\":\"2021-12-17T10:18:16+00:00\",\"breadcrumb\":{\"@id\":\"https:\/\/vinbeautybiotech.vn\/index.php\/hang-muc-san-pham\/#breadcrumb\"},\"inLanguage\":\"vi\",\"potentialAction\":[{\"@type\":\"ReadAction\",\"target\":[\"https:\/\/vinbeautybiotech.vn\/index.php\/hang-muc-san-pham\/\"]}]},{\"@type\":\"BreadcrumbList\",\"@id\":\"https:\/\/vinbeautybiotech.vn\/index.php\/hang-muc-san-pham\/#breadcrumb\",\"itemListElement\":[{\"@type\":\"ListItem\",\"position\":1,\"item\":{\"@type\":\"WebPage\",\"@id\":\"https:\/\/vinbeautybiotech.vn\/\",\"url\":\"https:\/\/vinbeautybiotech.vn\/\",\"name\":\"Trang ch\\u1ee7\"}},{\"@type\":\"ListItem\",\"position\":2,\"item\":{\"@id\":\"https:\/\/vinbeautybiotech.vn\/index.php\/hang-muc-san-pham\/#webpage\"}}]}]}<\/script>\n<!-- \/ Yoast SEO plugin. -->","_links":{"self":[{"href":"https:\/\/vinbeautybiotech.vn\/index.php\/wp-json\/wp\/v2\/pages\/1521","targetHints":{"allow":["GET"]}}],"collection":[{"href":"https:\/\/vinbeautybiotech.vn\/index.php\/wp-json\/wp\/v2\/pages"}],"about":[{"href":"https:\/\/vinbeautybiotech.vn\/index.php\/wp-json\/wp\/v2\/types\/page"}],"author":[{"embeddable":true,"href":"https:\/\/vinbeautybiotech.vn\/index.php\/wp-json\/wp\/v2\/users\/4"}],"replies":[{"embeddable":true,"href":"https:\/\/vinbeautybiotech.vn\/index.php\/wp-json\/wp\/v2\/comments?post=1521"}],"version-history":[{"count":1,"href":"https:\/\/vinbeautybiotech.vn\/index.php\/wp-json\/wp\/v2\/pages\/1521\/revisions"}],"predecessor-version":[{"id":2021,"href":"https:\/\/vinbeautybiotech.vn\/index.php\/wp-json\/wp\/v2\/pages\/1521\/revisions\/2021"}],"wp:attachment":[{"href":"https:\/\/vinbeautybiotech.vn\/index.php\/wp-json\/wp\/v2\/media?parent=1521"}],"curies":[{"name":"wp","href":"https:\/\/api.w.org\/{rel}","templated":true}]}}