{"id":379,"date":"2021-06-07T04:02:47","date_gmt":"2021-06-07T04:02:47","guid":{"rendered":"https:\/\/vinbeauty.hvcg.vn\/?page_id=379"},"modified":"2022-01-10T04:24:26","modified_gmt":"2022-01-10T04:24:26","slug":"dac-tinh-san-pham","status":"publish","type":"page","link":"https:\/\/vinbeautybiotech.vn\/index.php\/dac-tinh-san-pham\/","title":{"rendered":"\u0110\u1eb7c t\u00ednh s\u1ea3n ph\u1ea9m"},"content":{"rendered":"\t<section class=\"section\" id=\"section_2125242154\">\n\t\t<div class=\"bg section-bg fill bg-fill  bg-loaded\" >\n\n\t\t\t\n\t\t\t\n\t\t\t\n\n\t\t<\/div>\n\n\t\t<div class=\"section-content relative\">\n\t\t\t\n\n  <div class=\"banner has-hover\" id=\"banner-1330152290\">\n          <div class=\"banner-inner fill\">\n        <div class=\"banner-bg fill\" >\n            <div class=\"bg fill bg-fill \"><\/div>\n                                    \n                    <\/div>\n        <div class=\"banner-layers container\">\n            <div class=\"fill banner-link\"><\/div>            \n   <div id=\"text-box-724742113\" class=\"text-box banner-layer x0 md-x0 lg-x0 y90 md-y90 lg-y90 res-text\">\n                                <div class=\"text-box-content text dark\">\n              \n              <div class=\"text-inner text-center\">\n                  \n<h3><span style=\"color: #808080;\"><strong>\u0110\u1eb6C T\u00cdNH S\u1ea2N PH\u1ea8M<\/strong><\/span><\/h3>\n              <\/div>\n           <\/div>\n                            \n<style>\n#text-box-724742113 {\n  width: 38%;\n}\n#text-box-724742113 .text-box-content {\n  font-size: 100%;\n}\n<\/style>\n    <\/div>\n \n        <\/div>\n      <\/div>\n\n              <div class=\"height-fix is-invisible\"><img loading=\"lazy\" decoding=\"async\" width=\"1500\" height=\"450\" src=\"https:\/\/vinbeautybiotech.vn\/wp-content\/uploads\/2021\/10\/samiyung-banner_\u5de5\u4f5c\u5340\u57df-1.png\" class=\"attachment-original size-original\" alt=\"\" srcset=\"https:\/\/vinbeautybiotech.vn\/wp-content\/uploads\/2021\/10\/samiyung-banner_\u5de5\u4f5c\u5340\u57df-1.png 1500w, https:\/\/vinbeautybiotech.vn\/wp-content\/uploads\/2021\/10\/samiyung-banner_\u5de5\u4f5c\u5340\u57df-1-300x90.png 300w, https:\/\/vinbeautybiotech.vn\/wp-content\/uploads\/2021\/10\/samiyung-banner_\u5de5\u4f5c\u5340\u57df-1-1024x307.png 1024w, https:\/\/vinbeautybiotech.vn\/wp-content\/uploads\/2021\/10\/samiyung-banner_\u5de5\u4f5c\u5340\u57df-1-768x230.png 768w, https:\/\/vinbeautybiotech.vn\/wp-content\/uploads\/2021\/10\/samiyung-banner_\u5de5\u4f5c\u5340\u57df-1-600x180.png 600w\" sizes=\"auto, (max-width: 1500px) 100vw, 1500px\" \/><\/div>\n            \n<style>\n#banner-1330152290 .bg.bg-loaded {\n  background-image: url(https:\/\/vinbeautybiotech.vn\/wp-content\/uploads\/2021\/10\/samiyung-banner_\u5de5\u4f5c\u5340\u57df-1.png);\n}\n#banner-1330152290 .bg {\n  background-position: 0% 42%;\n}\n<\/style>\n  <\/div>\n\n\n\t\t<\/div>\n\n\t\t\n<style>\n#section_2125242154 {\n  padding-top: 0px;\n  padding-bottom: 0px;\n}\n<\/style>\n\t<\/section>\n\t\n\t<section class=\"section dc-sec2\" id=\"section_1746636888\">\n\t\t<div class=\"bg section-bg fill bg-fill  bg-loaded\" >\n\n\t\t\t\n\t\t\t\n\t\t\t\n\n\t\t<\/div>\n\n\t\t<div class=\"section-content relative\">\n\t\t\t\n<div class=\"row align-equal\"  id=\"row-1727384378\">\n\n\t<div id=\"col-714403784\" class=\"col medium-6 small-12 large-6\"  >\n\t\t<div class=\"col-inner\"  >\n\t\t\t\n\t\t\t\n\t<div id=\"text-361132913\" class=\"text\">\n\t\t\n<h1><strong>V\u1ec0 S\u1ea2N PH\u1ea8M<\/strong><\/h1>\n\t\t\n<style>\n#text-361132913 {\n  text-align: center;\n}\n<\/style>\n\t<\/div>\n\t\n\t<div id=\"text-2445333533\" class=\"text\">\n\t\t\n<p><span style=\"font-weight: 400;\">Ch\u1ea5t kh\u00e1ng khu\u1ea9n m\u00e0 Samiyung s\u1eed d\u1ee5ng \u0111\u00e3 \u0111\u1ea1t ch\u1ee9ng nh\u1eadn EPA v\u00e0 FDA Hoa K\u1ef3, \u0111\u1ed3ng th\u1eddi \u0111\u01b0\u1ee3c ph\u00e1t tri\u1ec3n v\u00e0 s\u1eeda \u0111\u1ed5i \u0111\u1ec3 c\u00f3 kh\u1ea3 n\u0103ng ch\u1ecbu nhi\u1ec7t \u0111\u1ed9 cao, ch\u1ed1ng tr\u00f4i v\u00e0 hi\u1ec7u qu\u1ea3 l\u00e2u d\u00e0i.<\/span><span style=\"font-weight: 400;\">Nguy\u00ean t\u1eafc di\u1ec7t khu\u1ea9n l\u00e0 do c\u00e1c th\u00e0nh ph\u1ea7n s\u1ea3n ph\u1ea9m mang \u201c\u0111i\u1ec7n t\u00edch d\u01b0\u01a1ng\u201d, s\u1ebd thu h\u00fat c\u00e1c vi khu\u1ea9n \u201c\u0111i\u1ec7n t\u00edch \u00e2m\u201d, ph\u00e1 h\u1ee7y m\u00e0ng t\u1ebf b\u00e0o khi\u1ebfn vi khu\u1ea9n kh\u00f4ng th\u1ec3 trao \u0111\u1ed5i ch\u1ea5t v\u00e0 sinh s\u00f4i, \u0111\u1ec3 \u0111\u1ea1t \u0111\u01b0\u1ee3c hi\u1ec7u qu\u1ea3 di\u1ec7t khu\u1ea9n, v\u00e0 v\u00ec c\u00e1c th\u00e0nh ph\u1ea7n \u0111\u01b0\u1ee3c l\u00e0m b\u1eb1ng v\u1eadt li\u1ec7u \u0111\u1eb7c bi\u1ec7t, ch\u00fang c\u00f3 th\u1ec3 c\u00f3 li\u00ean k\u1ebft v\u1edbi b\u1ec1 m\u1eb7t c\u1ee7a v\u1eadt ph\u1ea9m. \u0110\u1ec3 \u0111\u1ea1t \u0111\u01b0\u1ee3c hi\u1ec7u qu\u1ea3 l\u00e2u d\u00e0i.<\/span><\/p>\n<h5><strong>\u0110\u1eb7c t\u00ednh c\u1ee7a s\u1ea3n ph\u1ea9m<\/strong><\/h5>\n<ul>\n<li><span style=\"color: #333333; font-size: 14.4px;\">\u0110\u01b0\u1ee3c EPA, FDA v\u00e0 NSF Hoa K\u1ef3ch\u1ee9ng nh\u1eadn, ch\u1ea5t li\u1ec7u an to\u00e0n<\/span><\/li>\n<li>C\u00f4ng th\u1ee9c d\u1ea1ng l\u1ecfng, nh\u1eb9 nh\u00e0ng v\u00e0 kh\u00f4ng g\u00e2y k\u00edch \u1ee9ng<\/li>\n<li>Kh\u00e1ng khu\u1ea9n v\u1eadt l\u00fd kh\u00f4ng t\u1ea1o ra t\u00ednh kh\u00e1ng thu\u1ed1c<\/li>\n<li>C\u01a1 ch\u1ebf m\u00e0ng b\u1ea3o v\u1ec7 kh\u00e1ng khu\u1ea9n v\u00f4 h\u00ecnh hi\u1ec7u qu\u1ea3 l\u00e2u d\u00e0i<\/li>\n<li>Gi\u1ea3m nguy c\u01a1 l\u00e2y nhi\u1ec5m do ti\u1ebfp x\u00fac m\u1ed9t c\u00e1ch hi\u1ec7u qu\u1ea3<\/li>\n<\/ul>\n\t\t\n<style>\n#text-2445333533 {\n  text-align: left;\n}\n<\/style>\n\t<\/div>\n\t\n\t\t<\/div>\n\t\t\t<\/div>\n\n\t\n\n\t<div id=\"col-40430445\" class=\"col medium-6 small-12 large-6\"  >\n\t\t<div class=\"col-inner\"  >\n\t\t\t\n\t\t\t\n\n  \n    <div class=\"row large-columns-2 medium-columns- small-columns-\">\n          <div class=\"gallery-col col\" >\n          <div class=\"col-inner\">\n            <a class=\"image-lightbox lightbox-gallery\" href=\"https:\/\/vinbeautybiotech.vn\/wp-content\/uploads\/2021\/10\/1-2-1000x1024.png\" title=\"\">            <div class=\"box has-hover gallery-box box-none\">\n              <div class=\"box-image\" >\n                <img loading=\"lazy\" decoding=\"async\" width=\"293\" height=\"300\" src=\"https:\/\/vinbeautybiotech.vn\/wp-content\/uploads\/2021\/10\/1-2-293x300.png\" class=\"attachment-medium size-medium\" alt=\"\" ids=\"1674,1675,1676,1501\" style=\"none\" columns=\"2\" srcset=\"https:\/\/vinbeautybiotech.vn\/wp-content\/uploads\/2021\/10\/1-2-293x300.png 293w, https:\/\/vinbeautybiotech.vn\/wp-content\/uploads\/2021\/10\/1-2-1000x1024.png 1000w, https:\/\/vinbeautybiotech.vn\/wp-content\/uploads\/2021\/10\/1-2-768x786.png 768w, https:\/\/vinbeautybiotech.vn\/wp-content\/uploads\/2021\/10\/1-2-600x614.png 600w, https:\/\/vinbeautybiotech.vn\/wp-content\/uploads\/2021\/10\/1-2.png 1431w\" sizes=\"auto, (max-width: 293px) 100vw, 293px\" \/>                                                              <\/div>\n              <div class=\"box-text text-left\" >\n                 <p><\/p>\n              <\/div>\n            <\/div>\n            <\/a>          <\/div>\n         <\/div>\n                 <div class=\"gallery-col col\" >\n          <div class=\"col-inner\">\n            <a class=\"image-lightbox lightbox-gallery\" href=\"https:\/\/vinbeautybiotech.vn\/wp-content\/uploads\/2021\/10\/2-1-1020x1024.png\" title=\"\">            <div class=\"box has-hover gallery-box box-none\">\n              <div class=\"box-image\" >\n                <img loading=\"lazy\" decoding=\"async\" width=\"300\" height=\"300\" src=\"https:\/\/vinbeautybiotech.vn\/wp-content\/uploads\/2021\/10\/2-1-300x300.png\" class=\"attachment-medium size-medium\" alt=\"\" ids=\"1674,1675,1676,1501\" style=\"none\" columns=\"2\" srcset=\"https:\/\/vinbeautybiotech.vn\/wp-content\/uploads\/2021\/10\/2-1-300x300.png 300w, https:\/\/vinbeautybiotech.vn\/wp-content\/uploads\/2021\/10\/2-1-1020x1024.png 1020w, https:\/\/vinbeautybiotech.vn\/wp-content\/uploads\/2021\/10\/2-1-150x150.png 150w, https:\/\/vinbeautybiotech.vn\/wp-content\/uploads\/2021\/10\/2-1-768x771.png 768w, https:\/\/vinbeautybiotech.vn\/wp-content\/uploads\/2021\/10\/2-1-600x602.png 600w, https:\/\/vinbeautybiotech.vn\/wp-content\/uploads\/2021\/10\/2-1-100x100.png 100w, https:\/\/vinbeautybiotech.vn\/wp-content\/uploads\/2021\/10\/2-1.png 1445w\" sizes=\"auto, (max-width: 300px) 100vw, 300px\" \/>                                                              <\/div>\n              <div class=\"box-text text-left\" >\n                 <p><\/p>\n              <\/div>\n            <\/div>\n            <\/a>          <\/div>\n         <\/div>\n                 <div class=\"gallery-col col\" >\n          <div class=\"col-inner\">\n            <a class=\"image-lightbox lightbox-gallery\" href=\"https:\/\/vinbeautybiotech.vn\/wp-content\/uploads\/2021\/10\/3-3-1020x1024.png\" title=\"\">            <div class=\"box has-hover gallery-box box-none\">\n              <div class=\"box-image\" >\n                <img loading=\"lazy\" decoding=\"async\" width=\"300\" height=\"300\" src=\"https:\/\/vinbeautybiotech.vn\/wp-content\/uploads\/2021\/10\/3-3-300x300.png\" class=\"attachment-medium size-medium\" alt=\"\" ids=\"1674,1675,1676,1501\" style=\"none\" columns=\"2\" srcset=\"https:\/\/vinbeautybiotech.vn\/wp-content\/uploads\/2021\/10\/3-3-300x300.png 300w, https:\/\/vinbeautybiotech.vn\/wp-content\/uploads\/2021\/10\/3-3-1020x1024.png 1020w, https:\/\/vinbeautybiotech.vn\/wp-content\/uploads\/2021\/10\/3-3-150x150.png 150w, https:\/\/vinbeautybiotech.vn\/wp-content\/uploads\/2021\/10\/3-3-768x771.png 768w, https:\/\/vinbeautybiotech.vn\/wp-content\/uploads\/2021\/10\/3-3-600x602.png 600w, https:\/\/vinbeautybiotech.vn\/wp-content\/uploads\/2021\/10\/3-3-100x100.png 100w, https:\/\/vinbeautybiotech.vn\/wp-content\/uploads\/2021\/10\/3-3.png 1445w\" sizes=\"auto, (max-width: 300px) 100vw, 300px\" \/>                                                              <\/div>\n              <div class=\"box-text text-left\" >\n                 <p><\/p>\n              <\/div>\n            <\/div>\n            <\/a>          <\/div>\n         <\/div>\n                 <div class=\"gallery-col col\" >\n          <div class=\"col-inner\">\n            <a class=\"image-lightbox lightbox-gallery\" href=\"https:\/\/vinbeautybiotech.vn\/wp-content\/uploads\/2021\/10\/Screenshot-2021-10-05-134445.png\" title=\"\">            <div class=\"box has-hover gallery-box box-none\">\n              <div class=\"box-image\" >\n                <img loading=\"lazy\" decoding=\"async\" width=\"300\" height=\"300\" src=\"https:\/\/vinbeautybiotech.vn\/wp-content\/uploads\/2021\/10\/Screenshot-2021-10-05-134445-300x300.png\" class=\"attachment-medium size-medium\" alt=\"\" ids=\"1674,1675,1676,1501\" style=\"none\" columns=\"2\" srcset=\"https:\/\/vinbeautybiotech.vn\/wp-content\/uploads\/2021\/10\/Screenshot-2021-10-05-134445-300x300.png 300w, https:\/\/vinbeautybiotech.vn\/wp-content\/uploads\/2021\/10\/Screenshot-2021-10-05-134445-150x150.png 150w, https:\/\/vinbeautybiotech.vn\/wp-content\/uploads\/2021\/10\/Screenshot-2021-10-05-134445-600x599.png 600w, https:\/\/vinbeautybiotech.vn\/wp-content\/uploads\/2021\/10\/Screenshot-2021-10-05-134445-100x100.png 100w, https:\/\/vinbeautybiotech.vn\/wp-content\/uploads\/2021\/10\/Screenshot-2021-10-05-134445.png 612w\" sizes=\"auto, (max-width: 300px) 100vw, 300px\" \/>                                                              <\/div>\n              <div class=\"box-text text-left\" >\n                 <p><\/p>\n              <\/div>\n            <\/div>\n            <\/a>          <\/div>\n         <\/div>\n         <\/div>\n\t\t<\/div>\n\t\t\t<\/div>\n\n\t\n\n<style>\n#row-1727384378 > .col > .col-inner {\n  padding: 30px 0px 0px 0px;\n}\n<\/style>\n<\/div>\n\t\t<\/div>\n\n\t\t\n<style>\n#section_1746636888 {\n  padding-top: 0px;\n  padding-bottom: 0px;\n}\n<\/style>\n\t<\/section>\n\t\n\t<section class=\"section\" id=\"section_1856152299\">\n\t\t<div class=\"bg section-bg fill bg-fill  bg-loaded\" >\n\n\t\t\t\n\t\t\t\n\t\t\t\n\n\t\t<\/div>\n\n\t\t<div class=\"section-content relative\">\n\t\t\t\n<div class=\"row row-collapse align-center\"  id=\"row-1677253638\">\n\n\t<div id=\"col-1313366561\" class=\"col medium-8 small-12 large-8\"  >\n\t\t<div class=\"col-inner text-center\"  >\n\t\t\t\n\t\t\t\n<h2><span style=\"color: #e64399;\"><strong>B\u1ea3ng so s\u00e1nh c\u00e1c s\u1ea3n ph\u1ea9m x\u1ecbt kh\u1eed khu\u1ea9n tr\u00ean th\u1ecb tr\u01b0\u1eddng<\/strong><\/span><\/h2>\n\t\t<\/div>\n\t\t\n<style>\n#col-1313366561 > .col-inner {\n  padding: 50px 0px 50px 0px;\n}\n<\/style>\n\t<\/div>\n\n\t\n\n\t<div id=\"col-1874741269\" class=\"col large-12\"  >\n\t\t<div class=\"col-inner\"  >\n\t\t\t\n\t\t\t\n\t<div class=\"img has-hover x md-x lg-x y md-y lg-y\" id=\"image_434548943\">\n\t\t\t\t\t\t\t\t<div class=\"img-inner dark\" >\n\t\t\t<img loading=\"lazy\" decoding=\"async\" width=\"1020\" height=\"688\" src=\"https:\/\/vinbeautybiotech.vn\/wp-content\/uploads\/2021\/10\/BANG-SO-SANH-SAMIYUNG-1024x691.png\" class=\"attachment-large size-large\" alt=\"\" srcset=\"https:\/\/vinbeautybiotech.vn\/wp-content\/uploads\/2021\/10\/BANG-SO-SANH-SAMIYUNG-1024x691.png 1024w, https:\/\/vinbeautybiotech.vn\/wp-content\/uploads\/2021\/10\/BANG-SO-SANH-SAMIYUNG-300x202.png 300w, https:\/\/vinbeautybiotech.vn\/wp-content\/uploads\/2021\/10\/BANG-SO-SANH-SAMIYUNG-768x518.png 768w, https:\/\/vinbeautybiotech.vn\/wp-content\/uploads\/2021\/10\/BANG-SO-SANH-SAMIYUNG-1536x1036.png 1536w, https:\/\/vinbeautybiotech.vn\/wp-content\/uploads\/2021\/10\/BANG-SO-SANH-SAMIYUNG-2048x1382.png 2048w, https:\/\/vinbeautybiotech.vn\/wp-content\/uploads\/2021\/10\/BANG-SO-SANH-SAMIYUNG-600x405.png 600w\" sizes=\"auto, (max-width: 1020px) 100vw, 1020px\" \/>\t\t\t\t\t\t\n\t\t\t\t\t<\/div>\n\t\t\t\t\t\t\t\t\n<style>\n#image_434548943 {\n  width: 100%;\n}\n<\/style>\n\t<\/div>\n\t\n\t\t<\/div>\n\t\t\t<\/div>\n\n\t\n<\/div>\n\t\t<\/div>\n\n\t\t\n<style>\n#section_1856152299 {\n  padding-top: 30px;\n  padding-bottom: 30px;\n}\n<\/style>\n\t<\/section>\n\t\n","protected":false},"excerpt":{"rendered":"","protected":false},"author":4,"featured_media":0,"parent":0,"menu_order":0,"comment_status":"closed","ping_status":"closed","template":"","meta":{"footnotes":""},"class_list":["post-379","page","type-page","status-publish","hentry"],"yoast_head":"<!-- This site is optimized with the Yoast SEO plugin v16.4 - https:\/\/yoast.com\/wordpress\/plugins\/seo\/ -->\n<title>\u0110\u1eb7c t\u00ednh s\u1ea3n ph\u1ea9m - vinbeauty<\/title>\n<meta name=\"robots\" content=\"index, follow, max-snippet:-1, max-image-preview:large, max-video-preview:-1\" \/>\n<link rel=\"canonical\" href=\"https:\/\/vinbeautybiotech.vn\/index.php\/dac-tinh-san-pham\/\" \/>\n<meta property=\"og:locale\" content=\"vi_VN\" \/>\n<meta property=\"og:type\" content=\"article\" \/>\n<meta property=\"og:title\" content=\"\u0110\u1eb7c t\u00ednh s\u1ea3n ph\u1ea9m - vinbeauty\" \/>\n<meta property=\"og:url\" content=\"https:\/\/vinbeautybiotech.vn\/index.php\/dac-tinh-san-pham\/\" \/>\n<meta property=\"og:site_name\" content=\"vinbeauty\" \/>\n<meta property=\"article:modified_time\" content=\"2022-01-10T04:24:26+00:00\" \/>\n<meta property=\"og:image\" content=\"https:\/\/vinbeautybiotech.vn\/wp-content\/uploads\/2021\/06\/vinbeauty-logo.png\" \/>\n\t<meta property=\"og:image:width\" content=\"657\" \/>\n\t<meta property=\"og:image:height\" content=\"195\" \/>\n<meta name=\"twitter:card\" content=\"summary_large_image\" \/>\n<meta name=\"twitter:label1\" content=\"\u01af\u1edbc t\u00ednh th\u1eddi gian \u0111\u1ecdc\" \/>\n\t<meta name=\"twitter:data1\" content=\"4 ph\u00fat\" \/>\n<script type=\"application\/ld+json\" class=\"yoast-schema-graph\">{\"@context\":\"https:\/\/schema.org\",\"@graph\":[{\"@type\":\"WebSite\",\"@id\":\"https:\/\/vinbeautybiotech.vn\/#website\",\"url\":\"https:\/\/vinbeautybiotech.vn\/\",\"name\":\"vinbeauty\",\"description\":\"vinbeauty\",\"potentialAction\":[{\"@type\":\"SearchAction\",\"target\":\"https:\/\/vinbeautybiotech.vn\/?s={search_term_string}\",\"query-input\":\"required name=search_term_string\"}],\"inLanguage\":\"vi\"},{\"@type\":\"WebPage\",\"@id\":\"https:\/\/vinbeautybiotech.vn\/index.php\/dac-tinh-san-pham\/#webpage\",\"url\":\"https:\/\/vinbeautybiotech.vn\/index.php\/dac-tinh-san-pham\/\",\"name\":\"\\u0110\\u1eb7c t\\u00ednh s\\u1ea3n ph\\u1ea9m - vinbeauty\",\"isPartOf\":{\"@id\":\"https:\/\/vinbeautybiotech.vn\/#website\"},\"datePublished\":\"2021-06-07T04:02:47+00:00\",\"dateModified\":\"2022-01-10T04:24:26+00:00\",\"breadcrumb\":{\"@id\":\"https:\/\/vinbeautybiotech.vn\/index.php\/dac-tinh-san-pham\/#breadcrumb\"},\"inLanguage\":\"vi\",\"potentialAction\":[{\"@type\":\"ReadAction\",\"target\":[\"https:\/\/vinbeautybiotech.vn\/index.php\/dac-tinh-san-pham\/\"]}]},{\"@type\":\"BreadcrumbList\",\"@id\":\"https:\/\/vinbeautybiotech.vn\/index.php\/dac-tinh-san-pham\/#breadcrumb\",\"itemListElement\":[{\"@type\":\"ListItem\",\"position\":1,\"item\":{\"@type\":\"WebPage\",\"@id\":\"https:\/\/vinbeautybiotech.vn\/\",\"url\":\"https:\/\/vinbeautybiotech.vn\/\",\"name\":\"Trang ch\\u1ee7\"}},{\"@type\":\"ListItem\",\"position\":2,\"item\":{\"@id\":\"https:\/\/vinbeautybiotech.vn\/index.php\/dac-tinh-san-pham\/#webpage\"}}]}]}<\/script>\n<!-- \/ Yoast SEO plugin. -->","_links":{"self":[{"href":"https:\/\/vinbeautybiotech.vn\/index.php\/wp-json\/wp\/v2\/pages\/379","targetHints":{"allow":["GET"]}}],"collection":[{"href":"https:\/\/vinbeautybiotech.vn\/index.php\/wp-json\/wp\/v2\/pages"}],"about":[{"href":"https:\/\/vinbeautybiotech.vn\/index.php\/wp-json\/wp\/v2\/types\/page"}],"author":[{"embeddable":true,"href":"https:\/\/vinbeautybiotech.vn\/index.php\/wp-json\/wp\/v2\/users\/4"}],"replies":[{"embeddable":true,"href":"https:\/\/vinbeautybiotech.vn\/index.php\/wp-json\/wp\/v2\/comments?post=379"}],"version-history":[{"count":2,"href":"https:\/\/vinbeautybiotech.vn\/index.php\/wp-json\/wp\/v2\/pages\/379\/revisions"}],"predecessor-version":[{"id":2142,"href":"https:\/\/vinbeautybiotech.vn\/index.php\/wp-json\/wp\/v2\/pages\/379\/revisions\/2142"}],"wp:attachment":[{"href":"https:\/\/vinbeautybiotech.vn\/index.php\/wp-json\/wp\/v2\/media?parent=379"}],"curies":[{"name":"wp","href":"https:\/\/api.w.org\/{rel}","templated":true}]}}