{"id":385,"date":"2021-06-07T04:04:32","date_gmt":"2021-06-07T04:04:32","guid":{"rendered":"https:\/\/vinbeauty.hvcg.vn\/?page_id=385"},"modified":"2022-01-17T10:29:33","modified_gmt":"2022-01-17T10:29:33","slug":"faq","status":"publish","type":"page","link":"https:\/\/vinbeautybiotech.vn\/index.php\/faq\/","title":{"rendered":"FAQ"},"content":{"rendered":"\t<section class=\"section\" id=\"section_2049338579\">\n\t\t<div class=\"bg section-bg fill bg-fill  bg-loaded\" >\n\n\t\t\t\n\t\t\t\n\t\t\t\n\n\t\t<\/div>\n\n\t\t<div class=\"section-content relative\">\n\t\t\t\n\n  <div class=\"banner has-hover\" id=\"banner-194870166\">\n          <div class=\"banner-inner fill\">\n        <div class=\"banner-bg fill\" >\n            <div class=\"bg fill bg-fill \"><\/div>\n                                    \n                    <\/div>\n        <div class=\"banner-layers container\">\n            <div class=\"fill banner-link\"><\/div>            \n        <\/div>\n      <\/div>\n\n              <div class=\"height-fix is-invisible\"><img loading=\"lazy\" decoding=\"async\" width=\"15267\" height=\"4581\" src=\"https:\/\/vinbeautybiotech.vn\/wp-content\/uploads\/2022\/01\/21.12-07-3.png\" class=\"attachment-original size-original\" alt=\"\" srcset=\"https:\/\/vinbeautybiotech.vn\/wp-content\/uploads\/2022\/01\/21.12-07-3.png 15267w, https:\/\/vinbeautybiotech.vn\/wp-content\/uploads\/2022\/01\/21.12-07-3-300x90.png 300w, https:\/\/vinbeautybiotech.vn\/wp-content\/uploads\/2022\/01\/21.12-07-3-1024x307.png 1024w, https:\/\/vinbeautybiotech.vn\/wp-content\/uploads\/2022\/01\/21.12-07-3-768x230.png 768w, https:\/\/vinbeautybiotech.vn\/wp-content\/uploads\/2022\/01\/21.12-07-3-1536x461.png 1536w, https:\/\/vinbeautybiotech.vn\/wp-content\/uploads\/2022\/01\/21.12-07-3-2048x615.png 2048w, https:\/\/vinbeautybiotech.vn\/wp-content\/uploads\/2022\/01\/21.12-07-3-600x180.png 600w\" sizes=\"auto, (max-width: 15267px) 100vw, 15267px\" \/><\/div>\n            \n<style>\n#banner-194870166 .bg.bg-loaded {\n  background-image: url(https:\/\/vinbeautybiotech.vn\/wp-content\/uploads\/2022\/01\/21.12-07-3.png);\n}\n<\/style>\n  <\/div>\n\n\n\t\t<\/div>\n\n\t\t\n<style>\n#section_2049338579 {\n  padding-top: 0px;\n  padding-bottom: 0px;\n}\n<\/style>\n\t<\/section>\n\t\n\t<section class=\"section\" id=\"section_847672138\">\n\t\t<div class=\"bg section-bg fill bg-fill  bg-loaded\" >\n\n\t\t\t\n\t\t\t\n\t\t\t\n\n\t\t<\/div>\n\n\t\t<div class=\"section-content relative\">\n\t\t\t\n<div class=\"row align-center col-mb-0\"  id=\"row-114832366\">\n\n\t<div id=\"col-1329615500\" class=\"col medium-10 small-12 large-10\"  >\n\t\t<div class=\"col-inner\"  >\n\t\t\t\n\t\t\t\n\t<div id=\"text-138934374\" class=\"text\">\n\t\t\n<h1>C\u00e2u h\u1ecfi th\u01b0\u1eddng g\u1eb7p<\/h1>\n\t\t\n<style>\n#text-138934374 {\n  text-align: center;\n}\n<\/style>\n\t<\/div>\n\t\n<div class=\"text-center\"><div class=\"is-divider divider clearfix\" style=\"max-width:60px;background-color:rgb(226, 0, 126);\"><\/div><\/div>\n\t\t<\/div>\n\t\t\n<style>\n#col-1329615500 > .col-inner {\n  padding: 0px 0px 0px 0px;\n  margin: 30px 0px 0px 0px;\n}\n<\/style>\n\t<\/div>\n\n\t\n\n\t<div id=\"col-1761790243\" class=\"col medium-4 small-12 large-4\"  >\n\t\t<div class=\"col-inner\"  >\n\t\t\t\n\t\t\t\n\t<div class=\"img has-hover x md-x lg-x y md-y lg-y\" id=\"image_1299753955\">\n\t\t\t\t\t\t\t\t<div class=\"img-inner dark\" >\n\t\t\t<img loading=\"lazy\" decoding=\"async\" width=\"555\" height=\"530\" src=\"https:\/\/vinbeautybiotech.vn\/wp-content\/uploads\/2021\/06\/Home2_pic9.png\" class=\"attachment-original size-original\" alt=\"\" srcset=\"https:\/\/vinbeautybiotech.vn\/wp-content\/uploads\/2021\/06\/Home2_pic9.png 555w, https:\/\/vinbeautybiotech.vn\/wp-content\/uploads\/2021\/06\/Home2_pic9-300x286.png 300w\" sizes=\"auto, (max-width: 555px) 100vw, 555px\" \/>\t\t\t\t\t\t\n\t\t\t\t\t<\/div>\n\t\t\t\t\t\t\t\t\n<style>\n#image_1299753955 {\n  width: 100%;\n}\n<\/style>\n\t<\/div>\n\t\n\t\t<\/div>\n\t\t\t<\/div>\n\n\t\n\n\t<div id=\"col-1800445540\" class=\"col medium-8 small-12 large-8\"  >\n\t\t<div class=\"col-inner\"  >\n\t\t\t\n\t\t\t\n<div class=\"accordion t-qa\" rel=\"\">\n<div class=\"accordion-item\"><a href=\"#\" class=\"accordion-title plain\"><button class=\"toggle\"><i class=\"icon-angle-down\"><\/i><\/button><span>Q1: Nh\u1eefng ai th\u00edch h\u1ee3p \u0111\u1ec3 s\u1eed d\u1ee5ng s\u1ea3n ph\u1ea9m AestheFill?<\/span><\/a><div class=\"accordion-inner\">\n<p>AestheFill th\u00edch h\u1ee3p cho nh\u1eefng ng\u01b0\u1eddi c\u00f3 nhu c\u1ea7u c\u1ea3i thi\u1ec7n nh\u1eefng v\u1ea5n \u0111\u1ec1 tr\u00ean khu\u00f4n m\u1eb7t bao g\u1ed3m tr\u00e1n, th\u00e1i d\u01b0\u01a1ng, g\u00f2 m\u00e1, l\u00f5m h\u00f3p hai b\u00ean m\u00e1, r\u00e3nh m\u0169i m\u00e1, r\u00e3nh mi\u1ec7ng h\u00e0m, c\u1eb1m v\u00e0 c\u1ea3i thi\u1ec7n nh\u1eefng v\u00f9ng da b\u1ecb ch\u1ea3y x\u1ec7. Ngo\u00e0i ra s\u1ea3n ph\u1ea9m c\u00f2n h\u1ed7 tr\u1ee3 c\u1ea3i thi\u1ec7n da tr\u00ean v\u00f9ng c\u1ed5 v\u00e0 b\u00e0n tay.<\/p>\n<\/div><\/div>\n<div class=\"accordion-item\"><a href=\"#\" class=\"accordion-title plain\"><button class=\"toggle\"><i class=\"icon-angle-down\"><\/i><\/button><span>Q2: S\u1ea3n ph\u1ea9m AestheFill mang l\u1ea1i hi\u1ec7u qu\u1ea3 ra sao?<\/span><\/a><div class=\"accordion-inner\">\n<p>AestheFill mang l\u1ea1i hi\u1ec7u qu\u1ea3 m\u1ed9t c\u00e1ch t\u1ef1 nhi\u00ean nh\u1ea5t, k\u00edch ho\u1ea1t kh\u1ea3 n\u0103ng t\u00e1i t\u1ea1o m\u00f4 t\u1ef1 th\u00e2n, nh\u1eb9 nh\u00e0ng l\u00e0m \u0111\u1ea7y c\u00e1c n\u1ebfp nh\u0103n, v\u1ebft ch\u00e2n chim v\u00e0 nh\u1eefng v\u00f9ng l\u00f5m h\u00f3p, \u0111\u1ed3ng th\u1eddi n\u00e2ng c\u00e1c \u0111\u01b0\u1eddng n\u00e9t ch\u00f9ng nh\u00e3o tr\u00ean khu\u00f4n m\u1eb7t. Ngo\u00e0i ra s\u1ea3n ph\u1ea9m c\u00f2n c\u00f3 th\u1ec3 k\u00edch th\u00edch t\u0103ng sinh collagen, cho v\u1ebb \u0111\u1eb9p t\u1ef1 nhi\u00ean t\u1eeb trong ra ngo\u00e0i, s\u1ea3n ph\u1ea9m mang \u0111\u1ebfn hi\u1ec7u qu\u1ea3 k\u00e9o d\u00e0i \u0111\u1ebfn 24 th\u00e1ng ho\u1eb7c t\u00f9y theo c\u01a1 \u0111\u1ecba c\u1ee7a t\u1eebng ng\u01b0\u1eddi.<\/p>\n<\/div><\/div>\n<div class=\"accordion-item\"><a href=\"#\" class=\"accordion-title plain\"><button class=\"toggle\"><i class=\"icon-angle-down\"><\/i><\/button><span>Q3: Li\u1ec7u tr\u00ecnh \u0111i\u1ec1u tr\u1ecb l\u00e0 bao nhi\u00eau l\u1ea7n, kho\u1ea3ng c\u00e1ch gi\u1eefa m\u1ed7i l\u1ea7n \u0111i\u1ec1u tr\u1ecb l\u00e0 bao l\u00e2u?<\/span><\/a><div class=\"accordion-inner\">\n<p>\u0110\u1ec3 \u0111\u1ea1t \u0111\u01b0\u1ee3c hi\u1ec7u qu\u1ea3 \u0111i\u1ec1u tr\u1ecb t\u1ed1t nh\u1ea5t, li\u1ec7u tr\u00ecnh \u0111\u1ea7y \u0111\u1ee7 l\u00e0 3 l\u1ea7n, m\u1ed7i l\u1ea7n c\u00e1ch nhau t\u1eeb 4 &#8211; 6 tu\u1ea7n. Do c\u01a1 \u0111\u1ecba m\u1ed7i ng\u01b0\u1eddi kh\u00e1c nhau n\u00ean s\u1ed1 l\u1ea7n \u0111i\u1ec1u tr\u1ecb v\u00e0 th\u1eddi gian c\u0169ng kh\u00e1c nhau. M\u1ed9t s\u1ed1 ng\u01b0\u1eddi c\u00f3 th\u1ec3 c\u1ea7n th\u1eddi gian \u0111i\u1ec1u tr\u1ecb l\u00e2u h\u01a1n ho\u1eb7c nhi\u1ec1u h\u01a1n \u0111\u1ec3 \u0111\u1ea1t \u0111\u01b0\u1ee3c k\u1ebft qu\u1ea3 t\u1ed1t nh\u1ea5t. Vui l\u00f2ng tham kh\u1ea3o \u00fd ki\u1ebfn b\u00e1c s\u0129 chuy\u00ean m\u00f4n \u0111\u1ec3 \u0111\u01b0\u1ee3c t\u01b0 v\u1ea5n v\u1ec1 li\u1ec7u tr\u00ecnh c\u1ee5 th\u1ec3.<\/p>\n<\/div><\/div>\n<div class=\"accordion-item\"><a href=\"#\" class=\"accordion-title plain\"><button class=\"toggle\"><i class=\"icon-angle-down\"><\/i><\/button><span>Q4: Nh\u1eefng \u0111i\u1ec1u c\u1ea7n l\u01b0u \u00fd sau khi \u0111i\u1ec1u tr\u1ecb v\u1edbi s\u1ea3n ph\u1ea9m AestheFill<\/span><\/a><div class=\"accordion-inner\">\n<p>Sau khi \u0111i\u1ec1u tr\u1ecb, h\u00e3y tu\u00e2n th\u1ee7 h\u01b0\u1edbng d\u1eabn c\u1ee7a b\u00e1c s\u0129 \u0111\u1ec3 ch\u0103m s\u00f3c v\u00f9ng da \u0111i\u1ec1u tr\u1ecb. V\u00ed d\u1ee5 nh\u01b0 tr\u00e1nh xoa b\u00f3p v\u00f9ng ti\u00eam, ti\u1ebfp x\u00fac nh\u1eefng n\u01a1i c\u00f3 nhi\u1ec7t \u0111\u1ed9 cao v\u00e0 s\u1eed d\u1ee5ng ch\u1ea5t c\u00f3 n\u1ed3ng \u0111\u1ed9 c\u1ed3n nh\u01b0 r\u01b0\u1ee3u, bia trong v\u00f2ng m\u1ed9t tu\u1ea7n.<\/p>\n<p>Tr\u00e1nh \u0111\u1ec3 v\u00f9ng \u0111i\u1ec1u tr\u1ecb ti\u1ebfp x\u00fac v\u1edbi \u00e1nh n\u1eafng v\u00e0 \u0111\u00e8n UV, n\u00ean th\u01b0\u1eddng xuy\u00ean s\u1eed d\u1ee5ng c\u00e1c s\u1ea3n ph\u1ea9m ch\u1ed1ng n\u1eafng.<\/p>\n<p>Sau khi \u0111i\u1ec1u tr\u1ecb t\u1eeb 4-6 tu\u1ea7n, b\u1ea1n n\u00ean quay l\u1ea1i ph\u00f2ng kh\u00e1m \u0111\u1ec3 b\u00e1c s\u0129 \u0111\u00e1nh gi\u00e1 hi\u1ec7u qu\u1ea3 \u0111i\u1ec1u tr\u1ecb ho\u1eb7c th\u1ef1c hi\u1ec7n l\u1ea7n \u0111i\u1ec1u tr\u1ecb ti\u1ebfp theo.<\/p>\n<\/div><\/div>\n<\/div>\n\t\t<\/div>\n\t\t\t<\/div>\n\n\t\n\n<style>\n#row-114832366 > .col > .col-inner {\n  padding: 2px 0px 0px 0px;\n}\n<\/style>\n<\/div>\n\t\t<\/div>\n\n\t\t\n<style>\n#section_847672138 {\n  padding-top: 0px;\n  padding-bottom: 0px;\n}\n<\/style>\n\t<\/section>\n\t\n\t<section class=\"section\" id=\"section_318369281\">\n\t\t<div class=\"bg section-bg fill bg-fill  bg-loaded\" >\n\n\t\t\t\n\t\t\t\n\t\t\t\n\n\t\t<\/div>\n\n\t\t<div class=\"section-content relative\">\n\t\t\t\n<div class=\"row align-center col-mb-0\"  id=\"row-979552983\">\n\n\t<div id=\"col-1575694899\" class=\"col medium-8 small-12 large-8\"  >\n\t\t<div class=\"col-inner\"  >\n\t\t\t\n\t\t\t\n<div class=\"accordion t-qa\" rel=\"\">\n<div class=\"accordion-item\"><a href=\"#\" class=\"accordion-title plain\"><button class=\"toggle\"><i class=\"icon-angle-down\"><\/i><\/button><span>Q5: Nh\u1eefng ph\u1ea3n \u1ee9ng sau \u0111i\u1ec1u tr\u1ecb b\u1eb1ng AestheFill<\/span><\/a><div class=\"accordion-inner\">\n<p>V\u1ecb tr\u00ed g\u1ea7n ch\u1ed7 ti\u00eam c\u00f3 th\u1ec3 xu\u1ea5t hi\u1ec7n tri\u1ec7u ch\u1ee9ng h\u01a1i \u0111au khi s\u1edd, \u1eedng \u0111\u1ecf, s\u01b0ng t\u1ea5y ho\u1eb7c b\u1ea7m t\u00edm, nh\u1eefng tri\u1ec7u ch\u1ee9ng tr\u00ean th\u01b0\u1eddng ch\u1ec9 k\u00e9o d\u00e0i v\u00e0i gi\u1edd \u0111\u1ebfn m\u1ed9t tu\u1ea7n.<br \/>\nCh\u1ec9 m\u1ed9t t\u1ef7 l\u1ec7 r\u1ea5t nh\u1ecf b\u1ec7nh nh\u00e2n b\u1ecb n\u1ed5i c\u00e1c u h\u1ea1t nh\u1ecf c\u00f3 th\u1ec3 c\u1ea3m th\u1ea5y khi s\u1edd. Xoa b\u00f3p v\u00e0 ch\u01b0\u1eddm \u0111\u00e1 c\u00f3 th\u1ec3 gi\u00fap gi\u1ea3m gi\u1ea3m s\u01b0ng t\u1ea5y.<\/p>\n<\/div><\/div>\n<div class=\"accordion-item\"><a href=\"#\" class=\"accordion-title plain\"><button class=\"toggle\"><i class=\"icon-angle-down\"><\/i><\/button><span>Q6: Nh\u1eefng v\u1ea5n \u0111\u1ec1 c\u1ea7n \u0111\u1eb7c bi\u1ec7t ch\u00fa \u00fd \u0111\u1ed1i v\u1edbi AestheFill?<\/span><\/a><div class=\"accordion-inner\">\n<p>Khi s\u1eed d\u1ee5ng c\u1ea7n tr\u00e1nh c\u00e1c v\u00f9ng da b\u1ecb vi\u00eam nhi\u1ec5m v\u00e0 v\u00f9ng da xung quanh, n\u1ebfu b\u1ec7nh nh\u00e2n m\u1eafc b\u1ec7nh s\u1ebd l\u00e0m gi\u1ea3m ph\u1ea3n \u1ee9ng mi\u1ec5n d\u1ecbch c\u1ee7a c\u01a1 th\u1ec3, ho\u1eb7c \u0111ang \u0111i\u1ec1u tr\u1ecb \u1ee9c ch\u1ebf h\u1ec7 mi\u1ec5n d\u1ecbch th\u00ec c\u00f3 th\u1ec3 d\u1ec5 b\u1ecb nhi\u1ec5m tr\u00f9ng h\u01a1n sau khi ti\u00eam. Kh\u00f4ng s\u1eed d\u1ee5ng s\u1ea3n ph\u1ea9m khi b\u1ecb d\u1ecb \u1ee9ng n\u1eb7ng ho\u1eb7c d\u1ecb \u1ee9ng nhi\u1ec1u n\u01a1i, b\u1ec7nh nh\u00e2n c\u00f3 ti\u1ec1n s\u1eed d\u1ecb \u1ee9ng.<\/p>\n<p>B\u1ec7nh nh\u00e2n b\u1ecb r\u1ed1i lo\u1ea1n ch\u1ee9c n\u0103ng \u0111\u00f4ng m\u00e1u ho\u1eb7c c\u00e1c b\u1ec7nh v\u1ec1 gan kh\u00f4ng n\u00ean s\u1eed d\u1ee5ng s\u1ea3n ph\u1ea9m n\u00e0y.<\/p>\n<p>Tr\u01b0\u1edbc \u0111\u00e2y n\u1ebfu b\u1ea1n \u0111\u00e3 t\u1eebng s\u1eed d\u1ee5ng c\u00e1c ph\u01b0\u01a1ng ph\u00e1p \u0111i\u1ec1u tr\u1ecb da kh\u00e1c, vui l\u00f2ng ch\u1ee7 \u0111\u1ed9ng th\u00f4ng b\u00e1o v\u1edbi b\u00e1c s\u0129 \u0111\u1ec3 \u0111\u00e1nh gi\u00e1 t\u00ednh kh\u1ea3 thi c\u1ee7a ph\u01b0\u01a1ng ph\u00e1p \u0111i\u1ec1u tr\u1ecb.<\/p>\n<\/div><\/div>\n<div class=\"accordion-item\"><a href=\"#\" class=\"accordion-title plain\"><button class=\"toggle\"><i class=\"icon-angle-down\"><\/i><\/button><span>Q7: S\u1eed d\u1ee5ng AestheFill v\u1edbi li\u1ec1u l\u01b0\u1ee3ng nh\u01b0 n\u00e0o l\u00e0 \u0111\u1ee7?<\/span><\/a><div class=\"accordion-inner\">\n<p>Do t\u00ecnh tr\u1ea1ng v\u00e0 nhu c\u1ea7u c\u1ee7a m\u1ed7i ng\u01b0\u1eddi kh\u00e1c nhau n\u00ean li\u1ec1u l\u01b0\u1ee3ng c\u1ea7n thi\u1ebft cho m\u1ed7i l\u1ea7n \u0111i\u1ec1u tr\u1ecb c\u0169ng s\u1ebd kh\u00e1ch nhau. V\u00ec v\u1eady, c\u1ea7n ph\u1ea3i th\u1ea3o lu\u1eadn v\u1edbi b\u00e1c s\u0129 tr\u01b0\u1edbc khi \u0111i\u1ec1u tr\u1ecb \u0111\u1ec3 \u0111\u01b0\u1ee3c \u0111\u00e1nh gi\u00e1 li\u1ec1u l\u01b0\u1ee3ng \u0111i\u1ec1u tr\u1ecb th\u00edch h\u1ee3p.<\/p>\n<p>N\u1ebfu b\u1ea1n \u0111\u00e3 t\u1eebng l\u00e0m c\u00e1c ph\u01b0\u01a1ng ph\u00e1p \u0111i\u1ec1u tr\u1ecb da kh\u00e1c tr\u01b0\u1edbc \u0111\u00e2y, vui l\u00f2ng ch\u1ee7 \u0111\u1ed9ng th\u00f4ng b\u00e1o v\u1edbi b\u00e1c s\u0129 \u0111\u1ec3 \u0111\u00e1nh gi\u00e1 t\u00ednh kh\u1ea3 thi c\u1ee7a ph\u01b0\u01a1ng ph\u00e1p \u0111i\u1ec1u tr\u1ecb.<\/p>\n<\/div><\/div>\n<div class=\"accordion-item\"><a href=\"#\" class=\"accordion-title plain\"><button class=\"toggle\"><i class=\"icon-angle-down\"><\/i><\/button><span>Q8: AestheFill duy tr\u00ec \u0111\u01b0\u1ee3c hi\u1ec7u qu\u1ea3 trong bao l\u00e2u?<\/span><\/a><div class=\"accordion-inner\">\n<p>Sau khi \u0111i\u1ec1u tr\u1ecb b\u1eb1ng s\u1ea3n ph\u1ea9m AestheFill, trung b\u00ecnh 4-6 tu\u1ea7n da ch\u00fang ta s\u1ebd d\u1ea7n \u0111\u01b0\u1ee3c c\u1ea3i thi\u1ec7n, hi\u1ec7u qu\u1ea3 cao nh\u1ea5t b\u1eaft \u0111\u1ea7u t\u1eeb 3 \u0111\u1ebfn 6 th\u00e1ng sau khi \u0111i\u1ec1u tr\u1ecb. Ch\u00fang li\u00ean t\u1ee5c s\u1ea3n sinh collagen trong da v\u00e0 k\u00e9o d\u00e0i t\u1eeb 18-24 th\u00e1ng. Nh\u01b0ng do th\u1ec3 ch\u1ea5t v\u00e0 th\u00f3i quen sinh ho\u1ea1t c\u1ee7a m\u1ed7i ng\u01b0\u1eddi kh\u00e1c nhau, n\u00ean hi\u1ec7u qu\u1ea3 c\u1ee7a s\u1ea3n ph\u1ea9m c\u1ee7a t\u1eebng ng\u01b0\u1eddi c\u0169ng s\u1ebd kh\u00e1c nhau.<\/p>\n<\/div><\/div>\n<\/div>\n\t\t<\/div>\n\t\t\t<\/div>\n\n\t\n\n\t<div id=\"col-791740302\" class=\"col medium-4 small-12 large-4\"  >\n\t\t<div class=\"col-inner\"  >\n\t\t\t\n\t\t\t\n\t<div class=\"img has-hover x md-x lg-x y md-y lg-y\" id=\"image_920815401\">\n\t\t\t\t\t\t\t\t<div class=\"img-inner dark\" >\n\t\t\t<img loading=\"lazy\" decoding=\"async\" width=\"2198\" height=\"1702\" src=\"https:\/\/vinbeautybiotech.vn\/wp-content\/uploads\/2021\/10\/shutterstock_1150344644-scaled-e1633668511349.jpg\" class=\"attachment-original size-original\" alt=\"\" srcset=\"https:\/\/vinbeautybiotech.vn\/wp-content\/uploads\/2021\/10\/shutterstock_1150344644-scaled-e1633668511349.jpg 2198w, https:\/\/vinbeautybiotech.vn\/wp-content\/uploads\/2021\/10\/shutterstock_1150344644-scaled-e1633668511349-300x232.jpg 300w, https:\/\/vinbeautybiotech.vn\/wp-content\/uploads\/2021\/10\/shutterstock_1150344644-scaled-e1633668511349-1024x793.jpg 1024w, https:\/\/vinbeautybiotech.vn\/wp-content\/uploads\/2021\/10\/shutterstock_1150344644-scaled-e1633668511349-768x595.jpg 768w, https:\/\/vinbeautybiotech.vn\/wp-content\/uploads\/2021\/10\/shutterstock_1150344644-scaled-e1633668511349-1536x1189.jpg 1536w, https:\/\/vinbeautybiotech.vn\/wp-content\/uploads\/2021\/10\/shutterstock_1150344644-scaled-e1633668511349-2048x1586.jpg 2048w, https:\/\/vinbeautybiotech.vn\/wp-content\/uploads\/2021\/10\/shutterstock_1150344644-scaled-e1633668511349-600x465.jpg 600w\" sizes=\"auto, (max-width: 2198px) 100vw, 2198px\" \/>\t\t\t\t\t\t\n\t\t\t\t\t<\/div>\n\t\t\t\t\t\t\t\t\n<style>\n#image_920815401 {\n  width: 100%;\n}\n<\/style>\n\t<\/div>\n\t\n\t\t<\/div>\n\t\t\t<\/div>\n\n\t\n\n<style>\n#row-979552983 > .col > .col-inner {\n  padding: 40px 0px 0px 0px;\n}\n<\/style>\n<\/div>\n\t\t<\/div>\n\n\t\t\n<style>\n#section_318369281 {\n  padding-top: 30px;\n  padding-bottom: 30px;\n  background-color: rgb(244, 241, 239);\n}\n<\/style>\n\t<\/section>\n\t\n","protected":false},"excerpt":{"rendered":"","protected":false},"author":4,"featured_media":0,"parent":0,"menu_order":0,"comment_status":"closed","ping_status":"closed","template":"","meta":{"footnotes":""},"class_list":["post-385","page","type-page","status-publish","hentry"],"yoast_head":"<!-- This site is optimized with the Yoast SEO plugin v16.4 - https:\/\/yoast.com\/wordpress\/plugins\/seo\/ -->\n<title>FAQ - vinbeauty<\/title>\n<meta name=\"robots\" content=\"index, follow, max-snippet:-1, max-image-preview:large, max-video-preview:-1\" \/>\n<link rel=\"canonical\" href=\"https:\/\/vinbeautybiotech.vn\/index.php\/faq\/\" \/>\n<meta property=\"og:locale\" content=\"vi_VN\" \/>\n<meta property=\"og:type\" content=\"article\" \/>\n<meta property=\"og:title\" content=\"FAQ - vinbeauty\" \/>\n<meta property=\"og:url\" content=\"https:\/\/vinbeautybiotech.vn\/index.php\/faq\/\" \/>\n<meta property=\"og:site_name\" content=\"vinbeauty\" \/>\n<meta property=\"article:modified_time\" content=\"2022-01-17T10:29:33+00:00\" \/>\n<meta property=\"og:image\" content=\"https:\/\/vinbeautybiotech.vn\/wp-content\/uploads\/2021\/06\/vinbeauty-logo.png\" \/>\n\t<meta property=\"og:image:width\" content=\"657\" \/>\n\t<meta property=\"og:image:height\" content=\"195\" \/>\n<meta name=\"twitter:card\" content=\"summary_large_image\" \/>\n<meta name=\"twitter:label1\" content=\"\u01af\u1edbc t\u00ednh th\u1eddi gian \u0111\u1ecdc\" \/>\n\t<meta name=\"twitter:data1\" content=\"7 ph\u00fat\" \/>\n<script type=\"application\/ld+json\" class=\"yoast-schema-graph\">{\"@context\":\"https:\/\/schema.org\",\"@graph\":[{\"@type\":\"WebSite\",\"@id\":\"https:\/\/vinbeautybiotech.vn\/#website\",\"url\":\"https:\/\/vinbeautybiotech.vn\/\",\"name\":\"vinbeauty\",\"description\":\"vinbeauty\",\"potentialAction\":[{\"@type\":\"SearchAction\",\"target\":\"https:\/\/vinbeautybiotech.vn\/?s={search_term_string}\",\"query-input\":\"required name=search_term_string\"}],\"inLanguage\":\"vi\"},{\"@type\":\"WebPage\",\"@id\":\"https:\/\/vinbeautybiotech.vn\/index.php\/faq\/#webpage\",\"url\":\"https:\/\/vinbeautybiotech.vn\/index.php\/faq\/\",\"name\":\"FAQ - vinbeauty\",\"isPartOf\":{\"@id\":\"https:\/\/vinbeautybiotech.vn\/#website\"},\"datePublished\":\"2021-06-07T04:04:32+00:00\",\"dateModified\":\"2022-01-17T10:29:33+00:00\",\"breadcrumb\":{\"@id\":\"https:\/\/vinbeautybiotech.vn\/index.php\/faq\/#breadcrumb\"},\"inLanguage\":\"vi\",\"potentialAction\":[{\"@type\":\"ReadAction\",\"target\":[\"https:\/\/vinbeautybiotech.vn\/index.php\/faq\/\"]}]},{\"@type\":\"BreadcrumbList\",\"@id\":\"https:\/\/vinbeautybiotech.vn\/index.php\/faq\/#breadcrumb\",\"itemListElement\":[{\"@type\":\"ListItem\",\"position\":1,\"item\":{\"@type\":\"WebPage\",\"@id\":\"https:\/\/vinbeautybiotech.vn\/\",\"url\":\"https:\/\/vinbeautybiotech.vn\/\",\"name\":\"Trang ch\\u1ee7\"}},{\"@type\":\"ListItem\",\"position\":2,\"item\":{\"@id\":\"https:\/\/vinbeautybiotech.vn\/index.php\/faq\/#webpage\"}}]}]}<\/script>\n<!-- \/ Yoast SEO plugin. -->","_links":{"self":[{"href":"https:\/\/vinbeautybiotech.vn\/index.php\/wp-json\/wp\/v2\/pages\/385","targetHints":{"allow":["GET"]}}],"collection":[{"href":"https:\/\/vinbeautybiotech.vn\/index.php\/wp-json\/wp\/v2\/pages"}],"about":[{"href":"https:\/\/vinbeautybiotech.vn\/index.php\/wp-json\/wp\/v2\/types\/page"}],"author":[{"embeddable":true,"href":"https:\/\/vinbeautybiotech.vn\/index.php\/wp-json\/wp\/v2\/users\/4"}],"replies":[{"embeddable":true,"href":"https:\/\/vinbeautybiotech.vn\/index.php\/wp-json\/wp\/v2\/comments?post=385"}],"version-history":[{"count":1,"href":"https:\/\/vinbeautybiotech.vn\/index.php\/wp-json\/wp\/v2\/pages\/385\/revisions"}],"predecessor-version":[{"id":2164,"href":"https:\/\/vinbeautybiotech.vn\/index.php\/wp-json\/wp\/v2\/pages\/385\/revisions\/2164"}],"wp:attachment":[{"href":"https:\/\/vinbeautybiotech.vn\/index.php\/wp-json\/wp\/v2\/media?parent=385"}],"curies":[{"name":"wp","href":"https:\/\/api.w.org\/{rel}","templated":true}]}}