{"id":398,"date":"2021-06-07T04:10:44","date_gmt":"2021-06-07T04:10:44","guid":{"rendered":"https:\/\/vinbeauty.hvcg.vn\/?page_id=398"},"modified":"2022-01-17T10:22:49","modified_gmt":"2022-01-17T10:22:49","slug":"our-customers","status":"publish","type":"page","link":"https:\/\/vinbeautybiotech.vn\/index.php\/our-customers\/","title":{"rendered":"Our customers"},"content":{"rendered":"\t<section class=\"section\" id=\"section_728901553\">\n\t\t<div class=\"bg section-bg fill bg-fill  bg-loaded\" >\n\n\t\t\t\n\t\t\t\n\t\t\t\n\n\t\t<\/div>\n\n\t\t<div class=\"section-content relative\">\n\t\t\t\n\n  <div class=\"banner has-hover\" id=\"banner-508919682\">\n          <div class=\"banner-inner fill\">\n        <div class=\"banner-bg fill\" >\n            <div class=\"bg fill bg-fill \"><\/div>\n                                    \n                    <\/div>\n        <div class=\"banner-layers container\">\n            <div class=\"fill banner-link\"><\/div>            \n   <div id=\"text-box-2065648681\" class=\"text-box banner-layer x50 md-x50 lg-x50 y50 md-y50 lg-y50 res-text\">\n                                <div class=\"text-box-content text dark\">\n              \n              <div class=\"text-inner text-center\">\n                  \n              <\/div>\n           <\/div>\n                            \n<style>\n#text-box-2065648681 {\n  width: 60%;\n}\n#text-box-2065648681 .text-box-content {\n  font-size: 100%;\n}\n<\/style>\n    <\/div>\n \n        <\/div>\n      <\/div>\n\n              <div class=\"height-fix is-invisible\"><img loading=\"lazy\" decoding=\"async\" width=\"15267\" height=\"4581\" src=\"https:\/\/vinbeautybiotech.vn\/wp-content\/uploads\/2022\/01\/21.12-06-1.png\" class=\"attachment-original size-original\" alt=\"\" srcset=\"https:\/\/vinbeautybiotech.vn\/wp-content\/uploads\/2022\/01\/21.12-06-1.png 15267w, https:\/\/vinbeautybiotech.vn\/wp-content\/uploads\/2022\/01\/21.12-06-1-300x90.png 300w, https:\/\/vinbeautybiotech.vn\/wp-content\/uploads\/2022\/01\/21.12-06-1-1024x307.png 1024w, https:\/\/vinbeautybiotech.vn\/wp-content\/uploads\/2022\/01\/21.12-06-1-768x230.png 768w, https:\/\/vinbeautybiotech.vn\/wp-content\/uploads\/2022\/01\/21.12-06-1-1536x461.png 1536w, https:\/\/vinbeautybiotech.vn\/wp-content\/uploads\/2022\/01\/21.12-06-1-2048x615.png 2048w, https:\/\/vinbeautybiotech.vn\/wp-content\/uploads\/2022\/01\/21.12-06-1-600x180.png 600w\" sizes=\"auto, (max-width: 15267px) 100vw, 15267px\" \/><\/div>\n            \n<style>\n#banner-508919682 .bg.bg-loaded {\n  background-image: url(https:\/\/vinbeautybiotech.vn\/wp-content\/uploads\/2022\/01\/21.12-06-1.png);\n}\n<\/style>\n  <\/div>\n\n\n\t\t<\/div>\n\n\t\t\n<style>\n#section_728901553 {\n  padding-top: 0px;\n  padding-bottom: 0px;\n}\n<\/style>\n\t<\/section>\n\t\n\t<section class=\"section\" id=\"section_1057956459\">\n\t\t<div class=\"bg section-bg fill bg-fill  bg-loaded\" >\n\n\t\t\t\n\t\t\t\n\t\t\t\n\n\t\t<\/div>\n\n\t\t<div class=\"section-content relative\">\n\t\t\t\n<div class=\"row row-small align-center col-mb-0\"  id=\"row-1427870688\">\n\n\t<div id=\"col-95254573\" class=\"col small-12 large-12\"  >\n\t\t<div class=\"col-inner\"  >\n\t\t\t\n\t\t\t\n\t<div id=\"text-726503233\" class=\"text\">\n\t\t\n<h1>Chia s\u1ebb t\u1eeb kh\u00e1ch h\u00e0ng<\/h1>\n\t\t\n<style>\n#text-726503233 {\n  text-align: center;\n}\n<\/style>\n\t<\/div>\n\t\n<div class=\"text-center\"><div class=\"is-divider divider clearfix\" style=\"margin-top:1.3em;margin-bottom:1.3em;max-width:70px;background-color:rgb(226, 0, 126);\"><\/div><\/div>\n\t<div id=\"text-3804728703\" class=\"text\">\n\t\t\n<p><span style=\"font-size: 130%;\">CEO Glo365 &#8211; Tr\u1ea7n T\u00fa Quy\u00ean \u0111\u00e3 t\u1eebng chia s\u1ebb: &#8220;T\u00f4i ngh\u0129 b\u1ea5t c\u1ee9 ng\u01b0\u1eddi ph\u1ee5 n\u1eef n\u00e0o khi \u0111\u01b0\u1ee3c sinh ra c\u0169ng \u0111\u00e3 xinh \u0111\u1eb9p, nh\u01b0ng xinh \u0111\u1eb9p th\u00f4i l\u00e0 ch\u01b0a \u0111\u1ee7, b\u1ea1n c\u00f2n ph\u1ea3i bi\u1ebft g\u00ecn gi\u1eef v\u00e0 ch\u0103m s\u00f3c cho v\u1ebb \u0111\u1eb9p c\u1ee7a b\u1ea3n th\u00e2n m\u00ecnh&#8221;. C\u00f3 l\u1ebd v\u00ec \u00fd ngh\u0129 \u0111\u00f3 m\u00e0 \u0111\u1ebfn nay \u0111\u00e3 g\u1ea7n ng\u01b0\u1ee1ng U50, ch\u1ecb v\u1eabn gi\u1eef \u0111\u01b0\u1ee3c n\u00e9t r\u1ea1ng r\u1ee1 c\u1ee7a v\u1ebb \u0111\u1eb9p l\u00e0n da trong v\u1eaft nh\u01b0 th\u1ee7y tinh d\u01b0\u1edbi \u00e1nh ban mai. N\u1ebfu b\u1ea1n ngh\u0129 \u0111\u1ec3 c\u00f3 \u0111\u01b0\u1ee3c l\u00e0n da \u0111\u1eb9p ho\u00e0n h\u1ea3o th\u1eadt kh\u00f3, th\u00ec b\u1ea1n \u0111\u00e3 ch\u01b0a th\u1eed qua li\u1ec7u tr\u00ecnh AestheFill , m\u1ed9t trong nh\u1eefng gi\u1ea3i ph\u00e1p tr\u1ebb h\u00f3a v\u00e0 t\u00e1i t\u1ea1o l\u00e0n da m\u1edbi nhanh ch\u00f3ng. H\u00e3y t\u1ecfa s\u00e1ng ngay khi b\u1ea1n c\u00f3 th\u1ec3<\/span><\/p>\n\t\t\n<style>\n#text-3804728703 {\n  text-align: left;\n}\n<\/style>\n\t<\/div>\n\t\n\t\t<\/div>\n\t\t\t<\/div>\n\n\t\n\n\t<div id=\"col-1900266132\" class=\"col small-12 large-12\"  >\n\t\t<div class=\"col-inner\"  >\n\t\t\t\n\t\t\t\n<p><iframe loading=\"lazy\" src=\"https:\/\/drive.google.com\/file\/d\/1pRsW18m2WcoDFEAWIgGOlb1R3Wl3AWwh\/preview\" width=\"100%\" height=\"500\"fullscreen; picture-in-picture\" allowfullscreen><\/iframe><\/p>\n\t\t<\/div>\n\t\t\t<\/div>\n\n\t\n\n\n\n\n\n<style>\n#row-1427870688 > .col > .col-inner {\n  padding: 30px 0px 0px 0px;\n}\n<\/style>\n<\/div>\n<div class=\"text-center\"><div class=\"is-divider divider clearfix\" style=\"margin-top:1.3em;margin-bottom:1.3em;max-width:70px;background-color:rgb(226, 0, 126);\"><\/div><\/div>\n<div class=\"row row-small align-center col-mb-0\"  id=\"row-1823874974\">\n\n\t<div id=\"col-1722136197\" class=\"col medium-11 small-12 large-11\"  >\n\t\t<div class=\"col-inner\"  >\n\t\t\t\n\t\t\t\n\t<div id=\"text-386642601\" class=\"text\">\n\t\t\n<p><span style=\"font-size: 130%;\">M\u1ed9t kh\u00e1ch h\u00e0ng xinh \u0111\u1eb9p Lucie Dinh chia s\u1ebb r\u1eb1ng l\u1ea7n \u0111\u1ea7u tr\u1ea3i nghi\u1ec7m v\u1edbi AestheFill, k\u1ebft c\u1ea5u da c\u1ee7a c\u00f4 \u0111\u01b0\u1ee3c c\u1ea3i thi\u1ec7n r\u00f5 r\u1ec7t, khu\u00f4n m\u1eb7t c\u1ee7a c\u00f4 tr\u1edf n\u00ean \u0111\u1ea7y \u0111\u1eb7n v\u00e0 tr\u1ebb trung h\u01a1n. C\u00f4 s\u1ebd gi\u1edbi thi\u1ec7u b\u1ea1n b\u00e8 c\u00f9ng s\u1eed d\u1ee5ng AestheFill \u0111\u1ec3 tr\u1edf n\u00ean xinh \u0111\u1eb9p nh\u01b0 c\u00f4.<\/span><\/p>\n\t\t\n<style>\n#text-386642601 {\n  text-align: center;\n}\n<\/style>\n\t<\/div>\n\t\n\t\t<\/div>\n\t\t\t<\/div>\n\n\t\n\n\t<div id=\"col-1076731783\" class=\"col small-12 large-12\"  >\n\t\t<div class=\"col-inner\"  >\n\t\t\t\n\t\t\t\n<p><iframe loading=\"lazy\" src=\"https:\/\/drive.google.com\/file\/d\/1CWirR4xdlo8UgMuGlojfUaqH06TcTaUQ\/preview\" width=\"100%\" height=\"500\"fullscreen; picture-in-picture\" allowfullscreen><\/iframe><\/p>\n\t\t<\/div>\n\t\t\t<\/div>\n\n\t\n\n\n\n\n\n<style>\n#row-1823874974 > .col > .col-inner {\n  padding: 30px 0px 0px 0px;\n}\n<\/style>\n<\/div>\n<div class=\"row row-small align-center col-mb-0\"  id=\"row-458337632\">\n\n\n\n\n\n<style>\n#row-458337632 > .col > .col-inner {\n  padding: 30px 0px 0px 0px;\n}\n<\/style>\n<\/div>\n\t\t<\/div>\n\n\t\t\n<style>\n#section_1057956459 {\n  padding-top: 0px;\n  padding-bottom: 0px;\n}\n<\/style>\n\t<\/section>\n\t\n\t<section class=\"section pt-30px cus-slide\" id=\"section_164824176\">\n\t\t<div class=\"bg section-bg fill bg-fill  \" >\n\n\t\t\t\n\t\t\t\n\t\t\t\n\n\t\t<\/div>\n\n\t\t<div class=\"section-content relative\">\n\t\t\t\n<div class=\"slider-wrapper relative customer-slider\" id=\"slider-753041803\" >\n    <div class=\"slider slider-nav-circle slider-nav-large slider-nav-dark slider-style-normal slider-show-nav\"\n        data-flickity-options='{\n            \"cellAlign\": \"center\",\n            \"imagesLoaded\": true,\n            \"lazyLoad\": 1,\n            \"freeScroll\": false,\n            \"wrapAround\": true,\n            \"autoPlay\": 4000,\n            \"pauseAutoPlayOnHover\" : true,\n            \"prevNextButtons\": true,\n            \"contain\" : true,\n            \"adaptiveHeight\" : true,\n            \"dragThreshold\" : 10,\n            \"percentPosition\": true,\n            \"pageDots\": true,\n            \"rightToLeft\": false,\n            \"draggable\": true,\n            \"selectedAttraction\": 0.1,\n            \"parallax\" : 0,\n            \"friction\": 0.6        }'\n        >\n        \n<div class=\"row align-center\"  id=\"row-1222442134\">\n\n\t<div id=\"col-98482329\" class=\"col medium-4 small-12 large-4\"  >\n\t\t<div class=\"col-inner text-center\"  >\n\t\t\t\n\t\t\t\n\t<div class=\"img has-hover x md-x lg-x y md-y lg-y\" id=\"image_704516243\">\n\t\t\t\t\t\t\t\t<div class=\"img-inner dark\" >\n\t\t\t<img loading=\"lazy\" decoding=\"async\" width=\"462\" height=\"462\" src=\"https:\/\/vinbeautybiotech.vn\/wp-content\/uploads\/2021\/08\/1122.png\" class=\"attachment-original size-original\" alt=\"\" srcset=\"https:\/\/vinbeautybiotech.vn\/wp-content\/uploads\/2021\/08\/1122.png 462w, https:\/\/vinbeautybiotech.vn\/wp-content\/uploads\/2021\/08\/1122-300x300.png 300w, https:\/\/vinbeautybiotech.vn\/wp-content\/uploads\/2021\/08\/1122-150x150.png 150w, https:\/\/vinbeautybiotech.vn\/wp-content\/uploads\/2021\/08\/1122-100x100.png 100w\" sizes=\"auto, (max-width: 462px) 100vw, 462px\" \/>\t\t\t\t\t\t\n\t\t\t\t\t<\/div>\n\t\t\t\t\t\t\t\t\n<style>\n#image_704516243 {\n  width: 50%;\n}\n<\/style>\n\t<\/div>\n\t\n\t\t<\/div>\n\t\t\t<\/div>\n\n\t\n\n\t<div id=\"col-623730337\" class=\"col medium-10 small-12 large-10\"  >\n\t\t<div class=\"col-inner\"  >\n\t\t\t\n\t\t\t\n\t<div id=\"text-2603908848\" class=\"text\">\n\t\t\n<p>Sau h\u01a1n m\u1ed9t th\u00e1ng s\u1eed d\u1ee5ng li\u1ec7u tr\u00ecnh t\u00f4i c\u1ea3m th\u1ea5y l\u00e0n da c\u1ee7a m\u00ecnh \u0111\u1ea7y \u0111\u1eb7n h\u01a1n, s\u0103n ch\u1eafc h\u01a1n, da s\u00e1ng v\u00e0 \u0111\u1ec1u m\u00e0u h\u01a1n. M\u1ed9t s\u1ed1 kh\u00e1ch h\u00e0ng Spa c\u1ee7a t\u00f4i c\u1ee9 h\u1ecfi t\u1ea1i sao g\u1ea7n \u0111\u00e2y t\u00f4i tr\u1edf n\u00ean tr\u1ebb trung. \u0110\u00e2y c\u0169ng ch\u00ednh l\u00e0 hi\u1ec7u qu\u1ea3 m\u00e0 t\u00f4i mong mu\u1ed1n, v\u00ec t\u00f4i mu\u1ed1n s\u1edf h\u1eefu m\u1ed9t v\u1ebb \u0111\u1eb9p t\u1ef1 nhi\u00ean, tr\u1ebb trung v\u00e0 t\u00f4i v\u1eabn l\u00e0 t\u00f4i.<\/p>\n\t\t\n<style>\n#text-2603908848 {\n  text-align: center;\n}\n<\/style>\n\t<\/div>\n\t\n\t<div id=\"text-766028502\" class=\"text\">\n\t\t\n<h3 class=\"thin-font\">Ms. Loan &#8211; HB Beauty Spa<\/h3>\n\t\t\n<style>\n#text-766028502 {\n  text-align: center;\n  color: rgb(226, 0, 126);\n}\n#text-766028502 > * {\n  color: rgb(226, 0, 126);\n}\n<\/style>\n\t<\/div>\n\t\n\t\t<\/div>\n\t\t\t<\/div>\n\n\t\n<\/div>\n<div class=\"row align-center\"  id=\"row-352119653\">\n\n\t<div id=\"col-1218487109\" class=\"col medium-4 small-12 large-4\"  >\n\t\t<div class=\"col-inner text-center\"  >\n\t\t\t\n\t\t\t\n\t<div class=\"img has-hover x md-x lg-x y md-y lg-y\" id=\"image_937425415\">\n\t\t\t\t\t\t\t\t<div class=\"img-inner dark\" >\n\t\t\t<img loading=\"lazy\" decoding=\"async\" width=\"594\" height=\"586\" src=\"https:\/\/vinbeautybiotech.vn\/wp-content\/uploads\/2021\/08\/1suh-SKq2utMKx_3JmXjAHs1Dy-eDtBntOv9zTbBu7-NNPVq7.png\" class=\"attachment-original size-original\" alt=\"\" srcset=\"https:\/\/vinbeautybiotech.vn\/wp-content\/uploads\/2021\/08\/1suh-SKq2utMKx_3JmXjAHs1Dy-eDtBntOv9zTbBu7-NNPVq7.png 594w, https:\/\/vinbeautybiotech.vn\/wp-content\/uploads\/2021\/08\/1suh-SKq2utMKx_3JmXjAHs1Dy-eDtBntOv9zTbBu7-NNPVq7-300x296.png 300w, https:\/\/vinbeautybiotech.vn\/wp-content\/uploads\/2021\/08\/1suh-SKq2utMKx_3JmXjAHs1Dy-eDtBntOv9zTbBu7-NNPVq7-100x100.png 100w\" sizes=\"auto, (max-width: 594px) 100vw, 594px\" \/>\t\t\t\t\t\t\n\t\t\t\t\t<\/div>\n\t\t\t\t\t\t\t\t\n<style>\n#image_937425415 {\n  width: 50%;\n}\n<\/style>\n\t<\/div>\n\t\n\t\t<\/div>\n\t\t\t<\/div>\n\n\t\n\n\t<div id=\"col-436416060\" class=\"col medium-10 small-12 large-10\"  >\n\t\t<div class=\"col-inner\"  >\n\t\t\t\n\t\t\t\n\t<div id=\"text-2259793251\" class=\"text\">\n\t\t\n<p>V\u1edbi c\u01b0\u01a1ng v\u1ecb l\u00e0 m\u1ed9t b\u00e1c s\u0129, tr\u01b0\u1edbc khi s\u1eed d\u1ee5ng b\u1ea5t c\u1ee9 s\u1ea3n ph\u1ea9m n\u00e0o cho kh\u00e1ch h\u00e0ng c\u1ee7a m\u00ecnh, t\u00f4i th\u01b0\u1eddng s\u1ebd t\u1ef1 m\u00ecnh tr\u1ea3i nghi\u1ec7m s\u1ea3n ph\u1ea9m. AestheFill c\u00f3 th\u1ec3 ph\u00e2n b\u1ed1 \u0111\u1ec1u tr\u00ean khu\u00f4n m\u1eb7t, mang l\u1ea1i v\u1ebb \u0111\u1eb9p t\u1ef1 nhi\u00ean th\u00f4ng qua qu\u00e1 tr\u00ecnh t\u0103ng sinh collagen t\u1ef1 th\u00e2n. T\u00f4i v\u00f4 c\u00f9ng an t\u00e2m khi s\u1eed d\u1ee5ng s\u1ea3n ph\u1ea9m AestheFill cho kh\u00e1ch h\u00e0ng c\u1ee7a m\u00ecnh v\u00ec s\u1ea3n ph\u1ea9m \u0111\u00e3 \u0111\u01b0\u1ee3c FDA ch\u1ee9ng nh\u1eadn v\u00e0 \u0111\u00e3 \u0111\u01b0\u1ee3c B\u1ed9 Y T\u1ebf c\u1ea5p ph\u00e9p s\u1eed d\u1ee5ng t\u1ea1i Vi\u1ec7t Nam.<\/p>\n\t\t\n<style>\n#text-2259793251 {\n  text-align: center;\n}\n<\/style>\n\t<\/div>\n\t\n\t<div id=\"text-3512201434\" class=\"text\">\n\t\t\n<h3 class=\"thin-font\">BS. Minh &#8211; Khoa PTTM Vi\u1ec7n Th\u1ea9m M\u1ef9<\/h3>\n\t\t\n<style>\n#text-3512201434 {\n  text-align: center;\n  color: rgb(226, 0, 126);\n}\n#text-3512201434 > * {\n  color: rgb(226, 0, 126);\n}\n<\/style>\n\t<\/div>\n\t\n\t\t<\/div>\n\t\t\t<\/div>\n\n\t\n<\/div>\n\n     <\/div>\n\n     <div class=\"loading-spin dark large centered\"><\/div>\n\n     \t<\/div>\n\n\n\t\t<\/div>\n\n\t\t\n<style>\n#section_164824176 {\n  padding-top: 20px;\n  padding-bottom: 20px;\n  background-color: rgb(244, 241, 239);\n}\n#section_164824176 .section-bg.bg-loaded {\n  background-image: url(https:\/\/vinbeautybiotech.vn\/wp-content\/uploads\/2021\/06\/About-us-8.png);\n}\n#section_164824176 .section-bg {\n  background-position: 0% 0%;\n}\n<\/style>\n\t<\/section>\n\t\n","protected":false},"excerpt":{"rendered":"","protected":false},"author":4,"featured_media":0,"parent":0,"menu_order":0,"comment_status":"closed","ping_status":"closed","template":"","meta":{"footnotes":""},"class_list":["post-398","page","type-page","status-publish","hentry"],"yoast_head":"<!-- This site is optimized with the Yoast SEO plugin v16.4 - https:\/\/yoast.com\/wordpress\/plugins\/seo\/ -->\n<title>Our customers - vinbeauty<\/title>\n<meta name=\"robots\" content=\"index, follow, max-snippet:-1, max-image-preview:large, max-video-preview:-1\" \/>\n<link rel=\"canonical\" href=\"https:\/\/vinbeautybiotech.vn\/index.php\/our-customers\/\" \/>\n<meta property=\"og:locale\" content=\"vi_VN\" \/>\n<meta property=\"og:type\" content=\"article\" \/>\n<meta property=\"og:title\" content=\"Our customers - vinbeauty\" \/>\n<meta property=\"og:url\" content=\"https:\/\/vinbeautybiotech.vn\/index.php\/our-customers\/\" \/>\n<meta property=\"og:site_name\" content=\"vinbeauty\" \/>\n<meta property=\"article:modified_time\" content=\"2022-01-17T10:22:49+00:00\" \/>\n<meta property=\"og:image\" content=\"https:\/\/vinbeautybiotech.vn\/wp-content\/uploads\/2021\/06\/vinbeauty-logo.png\" \/>\n\t<meta property=\"og:image:width\" content=\"657\" \/>\n\t<meta property=\"og:image:height\" content=\"195\" \/>\n<meta name=\"twitter:card\" content=\"summary_large_image\" \/>\n<meta name=\"twitter:label1\" content=\"\u01af\u1edbc t\u00ednh th\u1eddi gian \u0111\u1ecdc\" \/>\n\t<meta name=\"twitter:data1\" content=\"2 ph\u00fat\" \/>\n<script type=\"application\/ld+json\" class=\"yoast-schema-graph\">{\"@context\":\"https:\/\/schema.org\",\"@graph\":[{\"@type\":\"WebSite\",\"@id\":\"https:\/\/vinbeautybiotech.vn\/#website\",\"url\":\"https:\/\/vinbeautybiotech.vn\/\",\"name\":\"vinbeauty\",\"description\":\"vinbeauty\",\"potentialAction\":[{\"@type\":\"SearchAction\",\"target\":\"https:\/\/vinbeautybiotech.vn\/?s={search_term_string}\",\"query-input\":\"required name=search_term_string\"}],\"inLanguage\":\"vi\"},{\"@type\":\"WebPage\",\"@id\":\"https:\/\/vinbeautybiotech.vn\/index.php\/our-customers\/#webpage\",\"url\":\"https:\/\/vinbeautybiotech.vn\/index.php\/our-customers\/\",\"name\":\"Our customers - vinbeauty\",\"isPartOf\":{\"@id\":\"https:\/\/vinbeautybiotech.vn\/#website\"},\"datePublished\":\"2021-06-07T04:10:44+00:00\",\"dateModified\":\"2022-01-17T10:22:49+00:00\",\"breadcrumb\":{\"@id\":\"https:\/\/vinbeautybiotech.vn\/index.php\/our-customers\/#breadcrumb\"},\"inLanguage\":\"vi\",\"potentialAction\":[{\"@type\":\"ReadAction\",\"target\":[\"https:\/\/vinbeautybiotech.vn\/index.php\/our-customers\/\"]}]},{\"@type\":\"BreadcrumbList\",\"@id\":\"https:\/\/vinbeautybiotech.vn\/index.php\/our-customers\/#breadcrumb\",\"itemListElement\":[{\"@type\":\"ListItem\",\"position\":1,\"item\":{\"@type\":\"WebPage\",\"@id\":\"https:\/\/vinbeautybiotech.vn\/\",\"url\":\"https:\/\/vinbeautybiotech.vn\/\",\"name\":\"Trang ch\\u1ee7\"}},{\"@type\":\"ListItem\",\"position\":2,\"item\":{\"@id\":\"https:\/\/vinbeautybiotech.vn\/index.php\/our-customers\/#webpage\"}}]}]}<\/script>\n<!-- \/ Yoast SEO plugin. -->","_links":{"self":[{"href":"https:\/\/vinbeautybiotech.vn\/index.php\/wp-json\/wp\/v2\/pages\/398","targetHints":{"allow":["GET"]}}],"collection":[{"href":"https:\/\/vinbeautybiotech.vn\/index.php\/wp-json\/wp\/v2\/pages"}],"about":[{"href":"https:\/\/vinbeautybiotech.vn\/index.php\/wp-json\/wp\/v2\/types\/page"}],"author":[{"embeddable":true,"href":"https:\/\/vinbeautybiotech.vn\/index.php\/wp-json\/wp\/v2\/users\/4"}],"replies":[{"embeddable":true,"href":"https:\/\/vinbeautybiotech.vn\/index.php\/wp-json\/wp\/v2\/comments?post=398"}],"version-history":[{"count":1,"href":"https:\/\/vinbeautybiotech.vn\/index.php\/wp-json\/wp\/v2\/pages\/398\/revisions"}],"predecessor-version":[{"id":2163,"href":"https:\/\/vinbeautybiotech.vn\/index.php\/wp-json\/wp\/v2\/pages\/398\/revisions\/2163"}],"wp:attachment":[{"href":"https:\/\/vinbeautybiotech.vn\/index.php\/wp-json\/wp\/v2\/media?parent=398"}],"curies":[{"name":"wp","href":"https:\/\/api.w.org\/{rel}","templated":true}]}}