{"id":1080,"date":"2021-07-09T07:34:24","date_gmt":"2021-07-09T07:34:24","guid":{"rendered":"https:\/\/vinbeauty.hvcg.vn\/?post_type=product&#038;p=1080"},"modified":"2021-12-31T07:21:50","modified_gmt":"2021-12-31T07:21:50","slug":"skin-fix-2-3-2-2","status":"publish","type":"product","link":"https:\/\/vinbeautybiotech.vn\/index.php\/san-pham\/skin-fix-2-3-2-2\/","title":{"rendered":"AestheFill &#8211; Filler l\u00e0m \u0111\u1ea7y k\u00edch th\u00edch t\u0103ng sinh collagen t\u1ef1 th\u00e2n"},"content":{"rendered":"<p>&nbsp;<\/p>\n<p>&nbsp;<\/p>\n","protected":false},"excerpt":{"rendered":"<p><strong>C\u00f4ng d\u1ee5ng:<\/strong> Filler l\u00e0m \u0111\u1ea7y k\u00edch th\u00edch t\u0103ng sinh collagen t\u1ef1 th\u00e2n<\/p>\n<p><strong>Th\u00e0nh ph\u1ea7n ch\u00ednh:<\/strong> PDLLA (Poly-D,L-Lactic acid)<\/p>\n<p><strong>Quy c\u00e1ch \u0111\u00f3ng g\u00f3i:<\/strong> 1 l\u1ecd (200mg)\/ h\u1ed9p<\/p>\n<p><strong>V\u1ecb tr\u00ed th\u00edch h\u1ee3p s\u1eed d\u1ee5ng:<\/strong> Th\u00edch h\u1ee3p s\u1eed d\u1ee5ng cho to\u00e0n khu\u00f4n m\u1eb7t (tr\u1eeb m\u00f4i), v\u00f9ng c\u1ed5 v\u00e0 mu b\u00e0n tay<\/p>\n<p><strong>T\u1ea7n su\u1ea5t \u0111i\u1ec1u tr\u1ecb:<\/strong> T\u1eeb 1 \u0111\u1ebfn 3 l\u1ea7n<\/p>\n<p><strong>Th\u1eddi gian duy tr\u00ec hi\u1ec7u qu\u1ea3:<\/strong>\u00a0 T\u1eeb 18 \u2013 24 th\u00e1ng<\/p>\n<p><strong>Nh\u00e0 s\u1ea3n xu\u1ea5t:<\/strong> REGEN Biotech, Inc.<\/p>\n","protected":false},"featured_media":933,"template":"","meta":[],"product_cat":[17],"product_tag":[],"class_list":["post-1080","product","type-product","status-publish","has-post-thumbnail","hentry","product_cat-serum"],"yoast_head":"<!-- This site is optimized with the Yoast SEO plugin v16.4 - https:\/\/yoast.com\/wordpress\/plugins\/seo\/ -->\n<title>AestheFill - Filler l\u00e0m \u0111\u1ea7y k\u00edch th\u00edch t\u0103ng sinh collagen t\u1ef1 th\u00e2n - vinbeauty<\/title>\n<meta name=\"robots\" content=\"index, follow, max-snippet:-1, max-image-preview:large, max-video-preview:-1\" \/>\n<link rel=\"canonical\" href=\"https:\/\/vinbeautybiotech.vn\/index.php\/san-pham\/skin-fix-2-3-2-2\/\" \/>\n<meta property=\"og:locale\" content=\"vi_VN\" \/>\n<meta property=\"og:type\" content=\"article\" \/>\n<meta property=\"og:title\" content=\"AestheFill - Filler l\u00e0m \u0111\u1ea7y k\u00edch th\u00edch t\u0103ng sinh collagen t\u1ef1 th\u00e2n - vinbeauty\" \/>\n<meta property=\"og:description\" content=\"C\u00f4ng d\u1ee5ng: Filler l\u00e0m \u0111\u1ea7y k\u00edch th\u00edch t\u0103ng sinh collagen t\u1ef1 th\u00e2n  Th\u00e0nh ph\u1ea7n ch\u00ednh: PDLLA (Poly-D,L-Lactic acid)  Quy c\u00e1ch \u0111\u00f3ng g\u00f3i: 1 l\u1ecd (200mg)\/ h\u1ed9p  V\u1ecb tr\u00ed th\u00edch h\u1ee3p s\u1eed d\u1ee5ng: Th\u00edch h\u1ee3p s\u1eed d\u1ee5ng cho to\u00e0n khu\u00f4n m\u1eb7t (tr\u1eeb m\u00f4i), v\u00f9ng c\u1ed5 v\u00e0 mu b\u00e0n tay  T\u1ea7n su\u1ea5t \u0111i\u1ec1u tr\u1ecb: T\u1eeb 1 \u0111\u1ebfn 3 l\u1ea7n  Th\u1eddi gian duy tr\u00ec hi\u1ec7u qu\u1ea3:\u00a0 T\u1eeb 18 \u2013 24 th\u00e1ng  Nh\u00e0 s\u1ea3n xu\u1ea5t: REGEN Biotech, Inc.\" \/>\n<meta property=\"og:url\" content=\"https:\/\/vinbeautybiotech.vn\/index.php\/san-pham\/skin-fix-2-3-2-2\/\" \/>\n<meta property=\"og:site_name\" content=\"vinbeauty\" \/>\n<meta property=\"article:modified_time\" content=\"2021-12-31T07:21:50+00:00\" \/>\n<meta property=\"og:image\" content=\"http:\/\/vinbeautybiotech.vn\/wp-content\/uploads\/2021\/06\/preferred-pic.jpeg\" \/>\n\t<meta property=\"og:image:width\" content=\"1040\" \/>\n\t<meta property=\"og:image:height\" content=\"1040\" \/>\n<meta name=\"twitter:card\" content=\"summary_large_image\" \/>\n<script type=\"application\/ld+json\" class=\"yoast-schema-graph\">{\"@context\":\"https:\/\/schema.org\",\"@graph\":[{\"@type\":\"WebSite\",\"@id\":\"https:\/\/vinbeautybiotech.vn\/#website\",\"url\":\"https:\/\/vinbeautybiotech.vn\/\",\"name\":\"vinbeauty\",\"description\":\"vinbeauty\",\"potentialAction\":[{\"@type\":\"SearchAction\",\"target\":\"https:\/\/vinbeautybiotech.vn\/?s={search_term_string}\",\"query-input\":\"required name=search_term_string\"}],\"inLanguage\":\"vi\"},{\"@type\":\"ImageObject\",\"@id\":\"https:\/\/vinbeautybiotech.vn\/index.php\/san-pham\/skin-fix-2-3-2-2\/#primaryimage\",\"inLanguage\":\"vi\",\"url\":\"https:\/\/vinbeautybiotech.vn\/wp-content\/uploads\/2021\/06\/preferred-pic.jpeg\",\"contentUrl\":\"https:\/\/vinbeautybiotech.vn\/wp-content\/uploads\/2021\/06\/preferred-pic.jpeg\",\"width\":1040,\"height\":1040},{\"@type\":\"WebPage\",\"@id\":\"https:\/\/vinbeautybiotech.vn\/index.php\/san-pham\/skin-fix-2-3-2-2\/#webpage\",\"url\":\"https:\/\/vinbeautybiotech.vn\/index.php\/san-pham\/skin-fix-2-3-2-2\/\",\"name\":\"AestheFill - Filler l\\u00e0m \\u0111\\u1ea7y k\\u00edch th\\u00edch t\\u0103ng sinh collagen t\\u1ef1 th\\u00e2n - vinbeauty\",\"isPartOf\":{\"@id\":\"https:\/\/vinbeautybiotech.vn\/#website\"},\"primaryImageOfPage\":{\"@id\":\"https:\/\/vinbeautybiotech.vn\/index.php\/san-pham\/skin-fix-2-3-2-2\/#primaryimage\"},\"datePublished\":\"2021-07-09T07:34:24+00:00\",\"dateModified\":\"2021-12-31T07:21:50+00:00\",\"breadcrumb\":{\"@id\":\"https:\/\/vinbeautybiotech.vn\/index.php\/san-pham\/skin-fix-2-3-2-2\/#breadcrumb\"},\"inLanguage\":\"vi\",\"potentialAction\":[{\"@type\":\"ReadAction\",\"target\":[\"https:\/\/vinbeautybiotech.vn\/index.php\/san-pham\/skin-fix-2-3-2-2\/\"]}]},{\"@type\":\"BreadcrumbList\",\"@id\":\"https:\/\/vinbeautybiotech.vn\/index.php\/san-pham\/skin-fix-2-3-2-2\/#breadcrumb\",\"itemListElement\":[{\"@type\":\"ListItem\",\"position\":1,\"item\":{\"@type\":\"WebPage\",\"@id\":\"https:\/\/vinbeautybiotech.vn\/\",\"url\":\"https:\/\/vinbeautybiotech.vn\/\",\"name\":\"Trang ch\\u1ee7\"}},{\"@type\":\"ListItem\",\"position\":2,\"item\":{\"@type\":\"WebPage\",\"@id\":\"https:\/\/vinbeautybiotech.vn\/index.php\/cua-hang\/\",\"url\":\"https:\/\/vinbeautybiotech.vn\/index.php\/cua-hang\/\",\"name\":\"C\\u1eeda h\\u00e0ng\"}},{\"@type\":\"ListItem\",\"position\":3,\"item\":{\"@id\":\"https:\/\/vinbeautybiotech.vn\/index.php\/san-pham\/skin-fix-2-3-2-2\/#webpage\"}}]}]}<\/script>\n<!-- \/ Yoast SEO plugin. -->","_links":{"self":[{"href":"https:\/\/vinbeautybiotech.vn\/index.php\/wp-json\/wp\/v2\/product\/1080","targetHints":{"allow":["GET"]}}],"collection":[{"href":"https:\/\/vinbeautybiotech.vn\/index.php\/wp-json\/wp\/v2\/product"}],"about":[{"href":"https:\/\/vinbeautybiotech.vn\/index.php\/wp-json\/wp\/v2\/types\/product"}],"wp:featuredmedia":[{"embeddable":true,"href":"https:\/\/vinbeautybiotech.vn\/index.php\/wp-json\/wp\/v2\/media\/933"}],"wp:attachment":[{"href":"https:\/\/vinbeautybiotech.vn\/index.php\/wp-json\/wp\/v2\/media?parent=1080"}],"wp:term":[{"taxonomy":"product_cat","embeddable":true,"href":"https:\/\/vinbeautybiotech.vn\/index.php\/wp-json\/wp\/v2\/product_cat?post=1080"},{"taxonomy":"product_tag","embeddable":true,"href":"https:\/\/vinbeautybiotech.vn\/index.php\/wp-json\/wp\/v2\/product_tag?post=1080"}],"curies":[{"name":"wp","href":"https:\/\/api.w.org\/{rel}","templated":true}]}}